{"id":8796,"date":"2019-07-18T17:15:16","date_gmt":"2019-07-18T15:15:16","guid":{"rendered":"http:\/\/soeurs-de-la-presentation-de-marie.org\/pom\/?page_id=8599"},"modified":"2020-03-13T21:37:23","modified_gmt":"2020-03-13T20:37:23","slug":"temporary-vows","status":"publish","type":"page","link":"https:\/\/soeurs-de-la-presentation-de-marie.org\/pom\/presentation-de-marie\/formation\/temporary-vows\/","title":{"rendered":"Voeux Temporaires"},"content":{"rendered":"<div class=\"wpb-content-wrapper\"><p>[vc_row content_placement=&#8221;middle&#8221; row_space=&#8221;padding-bottom-large&#8221;][vc_column][vc_custom_heading text=&#8221;Allez ! De toutes les nations faites des disciples&#8230;<br \/>\nEt moi, je suis avec vous<br \/>\ntous les jours jusqu\u2019\u00e0 la fin du monde. \u00bb<\/p>\n<p>&#8211; Mt 28: 19-20 -&#8221; font_container=&#8221;tag:h3|font_size:35|text_align:center|color:%234b991b&#8221; google_fonts=&#8221;font_family:Almendra%3Aregular%2Citalic%2C700%2C700italic|font_style:400%20regular%3A400%3Anormal&#8221;][vc_row_inner gap=&#8221;3&#8243;][vc_column_inner][vc_custom_heading text=&#8221;Une s\u0153ur \u00e0 v\u0153ux temporaires vit avec sinc\u00e9rit\u00e9 et assume librement l\u2019engagement \u00e0 vivre dans la fid\u00e9lit\u00e9 les exigences des v\u0153ux de chastet\u00e9, de pauvret\u00e9 et d\u2019ob\u00e9issance. Dans une prise de conscience toujours plus profonde de la tendresse mis\u00e9ricordieuse de Dieu \u00e0 son \u00e9gard, elle m\u00fbrira son propos jusqu\u2019au jour de sa profession perp\u00e9tuelle (C 127). Avec la gr\u00e2ce de Dieu, elle continue de r\u00e9pondre \u00e0 l\u2019appel de Dieu en J\u00e9sus-Christ \u2014 lui permettant de la transformer et de s\u2019incarner \u00e0 travers ses valeurs, ses attitudes et ses choix qui refl\u00e8tent J\u00e9sus-Christ lui-m\u00eame.<\/p>\n<p>\u00c0 cette \u00e9tape, la s\u0153ur est engag\u00e9e dans sa formation humaine, spirituelle et professionnelle selon son milieu apostolique. Quoi qu\u2019elle fasse et devienne, elle est apte \u00e0 annoncer la Bonne Nouvelle, qui est J\u00e9sus Christ!&#8221; font_container=&#8221;tag:h5|font_size:21|text_align:justify|color:%2361a332&#8243; google_fonts=&#8221;font_family:Alice%3Aregular|font_style:400%20regular%3A400%3Anormal&#8221;][vc_custom_heading text=&#8221;&#8220;Soyons un \u00e9vangile ouvert o\u00f9 chacun peut lire J\u00c9SUS-CHRIST&#8220;.<br \/>\n&#8211; Bienheureuse Marie Rivier -&#8221; font_container=&#8221;tag:h4|font_size:38|text_align:center|color:%234d870c|line_height:2&#8243; google_fonts=&#8221;font_family:Almendra%3Aregular%2Citalic%2C700%2C700italic|font_style:400%20regular%3A400%3Anormal&#8221;][\/vc_column_inner][\/vc_row_inner][\/vc_column][\/vc_row]<\/p>\n<\/div>","protected":false},"excerpt":{"rendered":"<p>[vc_row content_placement=&#8221;middle&#8221; row_space=&#8221;padding-bottom-large&#8221;][vc_column][vc_custom_heading text=&#8221;Allez ! De toutes les nations faites des disciples&#8230; Et moi, je suis avec vous tous les jours jusqu\u2019\u00e0 la fin du monde. \u00bb &#8211; Mt 28: 19-20 -&#8221; font_container=&#8221;tag:h3|font_size:35|text_align:center|color:%234b991b&#8221; google_fonts=&#8221;font_family:Almendra%3Aregular%2Citalic%2C700%2C700italic|font_style:400%20regular%3A400%3Anormal&#8221;][vc_row_inner gap=&#8221;3&#8243;][vc_column_inner][vc_custom_heading text=&#8221;Une s\u0153ur \u00e0 v\u0153ux temporaires vit avec sinc\u00e9rit\u00e9 et assume librement l\u2019engagement \u00e0 vivre dans la fid\u00e9lit\u00e9 les exigences des [&hellip;]<\/p>\n","protected":false},"author":2,"featured_media":0,"parent":4089,"menu_order":2,"comment_status":"closed","ping_status":"closed","template":"","meta":{"ngg_post_thumbnail":0,"footnotes":""},"lang":"fr","translations":{"fr":8796,"en":8599,"es":8797},"pll_sync_post":[],"_links":{"self":[{"href":"https:\/\/soeurs-de-la-presentation-de-marie.org\/pom\/wp-json\/wp\/v2\/pages\/8796"}],"collection":[{"href":"https:\/\/soeurs-de-la-presentation-de-marie.org\/pom\/wp-json\/wp\/v2\/pages"}],"about":[{"href":"https:\/\/soeurs-de-la-presentation-de-marie.org\/pom\/wp-json\/wp\/v2\/types\/page"}],"author":[{"embeddable":true,"href":"https:\/\/soeurs-de-la-presentation-de-marie.org\/pom\/wp-json\/wp\/v2\/users\/2"}],"replies":[{"embeddable":true,"href":"https:\/\/soeurs-de-la-presentation-de-marie.org\/pom\/wp-json\/wp\/v2\/comments?post=8796"}],"version-history":[{"count":7,"href":"https:\/\/soeurs-de-la-presentation-de-marie.org\/pom\/wp-json\/wp\/v2\/pages\/8796\/revisions"}],"predecessor-version":[{"id":12445,"href":"https:\/\/soeurs-de-la-presentation-de-marie.org\/pom\/wp-json\/wp\/v2\/pages\/8796\/revisions\/12445"}],"up":[{"embeddable":true,"href":"https:\/\/soeurs-de-la-presentation-de-marie.org\/pom\/wp-json\/wp\/v2\/pages\/4089"}],"wp:attachment":[{"href":"https:\/\/soeurs-de-la-presentation-de-marie.org\/pom\/wp-json\/wp\/v2\/media?parent=8796"}],"curies":[{"name":"wp","href":"https:\/\/api.w.org\/{rel}","templated":true}]}}