{"id":8797,"date":"2019-07-18T17:15:16","date_gmt":"2019-07-18T15:15:16","guid":{"rendered":"http:\/\/soeurs-de-la-presentation-de-marie.org\/pom\/?page_id=8599"},"modified":"2020-05-25T21:05:47","modified_gmt":"2020-05-25T19:05:47","slug":"temporary-vows","status":"publish","type":"page","link":"https:\/\/soeurs-de-la-presentation-de-marie.org\/pom\/formacion\/temporary-vows\/","title":{"rendered":"Voetos temporales"},"content":{"rendered":"<div class=\"wpb-content-wrapper\"><p>[vc_row][vc_column][vc_custom_heading text=&#8221;&#8220; Vayan pues, a las gentes de todas las naciones, per mi parte,<br \/>\nYo estar\u00e9 con ustedes todos los dias,<br \/>\nhasta el fin del mundo.&#8220;<\/p>\n<p>&#8211; Mateo 28: 19-20 -&#8221; font_container=&#8221;tag:h2|font_size:36|text_align:center|color:%232b9912&#8243; google_fonts=&#8221;font_family:Almendra%3Aregular%2Citalic%2C700%2C700italic|font_style:400%20regular%3A400%3Anormal&#8221;][vc_custom_heading text=&#8221;Una hermana de votos temporales vive con sinceridad y asume libremente el compromiso de vivir en fidelidad las exigencias de los votos de castidad, de pobreza y de obediencia. En una toma de conciencia cada vez m\u00e1s profunda de la ternura misericordiosa de Dios para con ella, madurar\u00e1 su prop\u00f3sito hasta el d\u00eda de su profesi\u00f3n perpetua (C127).<br \/>\nCon la gracia de Dios, continuar\u00e1 de responder a la llamada de Dios en Jesucristo \u2014 permiti\u00e9ndole transformarla y encarnarse a trav\u00e9s de sus valores, sus actitudes y sus opciones que reflejan al mismo Jesucristo.<\/p>\n<p>En esta etapa, la hermana est\u00e1 comprometida en su formaci\u00f3n humana, espiritual y profesional seg\u00fan su lugar apost\u00f3lico. \u00a1Sea lo que haga o llegue a ser, es apta para anunciar la Buena Nueva, que es Jesucristo!&#8221; font_container=&#8221;tag:h2|font_size:20|text_align:justify|color:%2338870e|line_height:1.2&#8243; google_fonts=&#8221;font_family:Alice%3Aregular|font_style:400%20regular%3A400%3Anormal&#8221;][\/vc_column][\/vc_row][vc_row row_space=&#8221;remove_padding_bottom&#8221;][vc_column][vc_custom_heading text=&#8221;\u00abSeamos un evangelio abierto en el que podamos leer a JESUCRISTO\u00bb.<\/p>\n<p>&#8211; Marie Rivier -&#8221; font_container=&#8221;tag:h2|font_size:30|text_align:center|color:%23159100&#8243; google_fonts=&#8221;font_family:Alice%3Aregular|font_style:400%20regular%3A400%3Anormal&#8221;][\/vc_column][\/vc_row][vc_row row_space=&#8221;remove_padding_top&#8221;][vc_column][vc_column_text]<\/p>\n<p>ngg_shortcode_0_placeholder[\/vc_column_text][\/vc_column][\/vc_row]<\/p>\n<\/div>","protected":false},"excerpt":{"rendered":"<p>[vc_row][vc_column][vc_custom_heading text=&#8221;&#8220; Vayan pues, a las gentes de todas las naciones, per mi parte, Yo estar\u00e9 con ustedes todos los dias, hasta el fin del mundo.&#8220; &#8211; Mateo 28: 19-20 -&#8221; font_container=&#8221;tag:h2|font_size:36|text_align:center|color:%232b9912&#8243; google_fonts=&#8221;font_family:Almendra%3Aregular%2Citalic%2C700%2C700italic|font_style:400%20regular%3A400%3Anormal&#8221;][vc_custom_heading text=&#8221;Una hermana de votos temporales vive con sinceridad y asume libremente el compromiso de vivir en fidelidad las exigencias de los votos [&hellip;]<\/p>\n","protected":false},"author":2,"featured_media":0,"parent":6088,"menu_order":2,"comment_status":"closed","ping_status":"closed","template":"","meta":{"ngg_post_thumbnail":0,"footnotes":""},"lang":"es","translations":{"es":8797,"en":8599,"fr":8796},"pll_sync_post":[],"_links":{"self":[{"href":"https:\/\/soeurs-de-la-presentation-de-marie.org\/pom\/wp-json\/wp\/v2\/pages\/8797"}],"collection":[{"href":"https:\/\/soeurs-de-la-presentation-de-marie.org\/pom\/wp-json\/wp\/v2\/pages"}],"about":[{"href":"https:\/\/soeurs-de-la-presentation-de-marie.org\/pom\/wp-json\/wp\/v2\/types\/page"}],"author":[{"embeddable":true,"href":"https:\/\/soeurs-de-la-presentation-de-marie.org\/pom\/wp-json\/wp\/v2\/users\/2"}],"replies":[{"embeddable":true,"href":"https:\/\/soeurs-de-la-presentation-de-marie.org\/pom\/wp-json\/wp\/v2\/comments?post=8797"}],"version-history":[{"count":5,"href":"https:\/\/soeurs-de-la-presentation-de-marie.org\/pom\/wp-json\/wp\/v2\/pages\/8797\/revisions"}],"predecessor-version":[{"id":35578,"href":"https:\/\/soeurs-de-la-presentation-de-marie.org\/pom\/wp-json\/wp\/v2\/pages\/8797\/revisions\/35578"}],"up":[{"embeddable":true,"href":"https:\/\/soeurs-de-la-presentation-de-marie.org\/pom\/wp-json\/wp\/v2\/pages\/6088"}],"wp:attachment":[{"href":"https:\/\/soeurs-de-la-presentation-de-marie.org\/pom\/wp-json\/wp\/v2\/media?parent=8797"}],"curies":[{"name":"wp","href":"https:\/\/api.w.org\/{rel}","templated":true}]}}