{"id":8798,"date":"2019-07-18T17:14:55","date_gmt":"2019-07-18T15:14:55","guid":{"rendered":"http:\/\/soeurs-de-la-presentation-de-marie.org\/pom\/?page_id=8597"},"modified":"2021-11-10T22:58:42","modified_gmt":"2021-11-10T21:58:42","slug":"novitiate","status":"publish","type":"page","link":"https:\/\/soeurs-de-la-presentation-de-marie.org\/pom\/presentation-de-marie\/formation\/novitiate\/","title":{"rendered":"Noviciat"},"content":{"rendered":"<div class=\"wpb-content-wrapper\"><p>[vc_row][vc_column][vc_custom_heading text=&#8221;La pierre de fondation,<br \/>\npersonne ne peut en poser d\u2019autre que celle qui s\u2019y trouve : J\u00e9sus Christ<\/p>\n<p>&#8211; 1 Corinthiens 3:11 -&#8221; font_container=&#8221;tag:h3|font_size:32|text_align:center|color:%2368a81a&#8221; google_fonts=&#8221;font_family:Almendra%3Aregular%2Citalic%2C700%2C700italic|font_style:400%20regular%3A400%3Anormal&#8221;][vc_custom_heading text=&#8221;Marie Rivier pr\u00e9sente le noviciat comme une \u00e9cole de foi et une \u00e9cole de bonheur.<br \/>\nLa novice y apprend dans J\u00e9sus Christ \u00e0 marcher en pr\u00e9sence de Dieu<br \/>\net \u00e0 se nourrir du pain de la divine volont\u00e9.&#8221; font_container=&#8221;tag:h3|font_size:44|text_align:center|color:%237ca500&#8243; google_fonts=&#8221;font_family:Italianno%3Aregular|font_style:400%20regular%3A400%3Anormal&#8221;][vc_row_inner][vc_column_inner][vc_custom_heading text=&#8221;La novice se consacre enti\u00e8rement \u00e0 Dieu. Elle entre dans une nouvelle vie\u2026.&#8221; font_container=&#8221;tag:h2|font_size:24|text_align:center|color:%235eaf2b&#8221; google_fonts=&#8221;font_family:Alice%3Aregular|font_style:400%20regular%3A400%3Anormal&#8221;][vc_custom_heading text=&#8221;pour \u00eatre avec lui,<br \/>\npour le conna\u00eetre,<br \/>\npour s\u2019attacher fortement \u00e0 lui,<br \/>\npour se rev\u00eatir son esprit,<br \/>\npour entrer dans le chemin des b\u00e9atitudes,<br \/>\npour laisser grandir en elle un ardent d\u00e9sir de travailler<br \/>\n\u00e0 le faire conna\u00eetre et aimer.&#8221; font_container=&#8221;tag:h2|font_size:24|text_align:center|color:%233cbf00&#8243; google_fonts=&#8221;font_family:Alice%3Aregular|font_style:400%20regular%3A400%3Anormal&#8221;][\/vc_column_inner][\/vc_row_inner][vc_row_inner][vc_column_inner][vc_custom_heading text=&#8221;Au noviciat, la vie est organis\u00e9e dans le but de grandir plus profond\u00e9ment dans le sens de son humanit\u00e9 et de son \u00eatre d\u2019enfant bien-aim\u00e9 de Dieu. Dans le silence et la solitude, une novice \u00e9coute la voix du Seigneur au plus profond de son c\u0153ur. Il l\u2019attire \u00e0 lui et veut se la fiancer \u00e0 jamais dans l\u2019amour et la fid\u00e9lit\u00e9.&#8221; font_container=&#8221;tag:h2|font_size:22|text_align:justify|color:%235c870c&#8221; google_fonts=&#8221;font_family:Alice%3Aregular|font_style:400%20regular%3A400%3Anormal&#8221;][vc_empty_space height=&#8221;65px&#8221;][\/vc_column_inner][\/vc_row_inner][vc_row_inner][vc_column_inner][\/vc_column_inner][\/vc_row_inner][vc_custom_heading text=&#8221;BONNE F\u00caTE ST. STANISLAUS KOSTKA<br \/>\nPATRON DES NOVICES&#8221; font_container=&#8221;tag:h2|font_size:48|text_align:center|color:%23a84800&#8243; google_fonts=&#8221;font_family:Redressed%3Aregular|font_style:400%20regular%3A400%3Anormal&#8221;][vc_empty_space height=&#8221;55px&#8221;][vc_custom_heading text=&#8221;Bonne f\u00eate \u00e0 nos novices!&#8221; font_container=&#8221;tag:h2|font_size:75|text_align:center|color:rgba(127%2C68%2C1%2C0.93)&#8221; google_fonts=&#8221;font_family:Rouge%20Script%3Aregular|font_style:400%20regular%3A400%3Anormal&#8221;][\/vc_column][\/vc_row][vc_row row_space=&#8221;remove_padding_top&#8221;][vc_column][vc_hoverbox image=&#8221;24530&#8243; primary_title=&#8221;&#8221; hover_title=&#8221;Novices 2021&#8243; hover_title_font_container=&#8221;font_size:50|color:%23a0510c&#8221; hover_title_google_fonts=&#8221;font_family:Bilbo%3Aregular|font_style:400%20regular%3A400%3Anormal&#8221; hover_background_color=&#8221;custom&#8221; use_custom_fonts_hover_title=&#8221;true&#8221; hover_custom_background=&#8221;rgba(127,163,35,0.65)&#8221;]<\/p>\n<h2 style=\"text-align: center;\"><span style=\"color: #003366;\"><strong>\u00c9tats-Unis<\/strong><\/span><\/h2>\n<p style=\"text-align: center;\"><span style=\"color: #800000;\"><strong>1<sup>\u00e8re<\/sup> ann\u00e9e&nbsp; &nbsp;:&nbsp; &nbsp; &nbsp; &nbsp; &nbsp; &nbsp; &nbsp; &nbsp; &nbsp; &nbsp; &nbsp; &nbsp; &nbsp;Mary Monk<\/strong><\/span><\/p>\n<h2 style=\"text-align: center;\"><span style=\"color: #003366;\">Province du Mozambique<\/span><\/h2>\n<p><span style=\"color: #800000;\"><strong>2<sup>e<\/sup> ann\u00e9e :&nbsp; &nbsp; &nbsp; &nbsp; &nbsp;Mariana Oliveira Muhuculo&nbsp; &nbsp;<\/strong> &nbsp; &nbsp; &nbsp; <strong>&nbsp; &nbsp;Serafina Flor\u00eancio Bonga<\/strong><\/span><\/p>\n<h2 style=\"text-align: center;\"><span style=\"color: #003366;\"><strong>Province du S\u00e9n\u00e9gal<\/strong><\/span><\/h2>\n<p style=\"text-align: center;\"><span style=\"color: #800000;\"><strong>1<sup>\u00e8re<\/sup> ann\u00e9e :&nbsp; &nbsp; &nbsp;&nbsp;<\/strong>A<strong>nne Rita Ndiaye&nbsp; &nbsp; &nbsp; &nbsp;<\/strong><strong>&nbsp; S\u00e8nad\u00e9 Modestine Dossou&nbsp; &nbsp; &nbsp; &nbsp; &nbsp; &nbsp; &nbsp; &nbsp; &nbsp; Nadine<\/strong><strong> Nikiema&nbsp; &nbsp; &nbsp; &nbsp; &nbsp; &nbsp;<\/strong><strong>Th\u00e9r\u00e8se Correa&nbsp; &nbsp; &nbsp; &nbsp; &nbsp; &nbsp; &nbsp; &nbsp; &nbsp; &nbsp; &nbsp; &nbsp; &nbsp; &nbsp; &nbsp; &nbsp; &nbsp; &nbsp; &nbsp; &nbsp; &nbsp; &nbsp; &nbsp; &nbsp; &nbsp; &nbsp; &nbsp; &nbsp; &nbsp; &nbsp; &nbsp; &nbsp; <\/strong><\/span><strong><span style=\"color: #800000;\">Ang\u00e8le Adr\u00e9e Bandiaky&nbsp; &nbsp;<\/span> &nbsp; &nbsp;<\/strong><\/p>\n<h2 style=\"text-align: center;\"><span style=\"color: #003366;\"><strong>Mission du Cameroun<\/strong><\/span><\/h2>\n<p style=\"text-align: center;\"><span style=\"color: #800000;\"><strong>2<sup>e<\/sup> ann\u00e9e :&nbsp; &nbsp; &nbsp;&nbsp;Clarence Gakou&nbsp; &nbsp; &nbsp; &nbsp; &nbsp; Diane Dadjeu Penka&nbsp; &nbsp; &nbsp; &nbsp;Robertine Tchogho<\/strong><\/span><\/p>\n<p>&nbsp; &nbsp; &nbsp; &nbsp; &nbsp; &nbsp; &nbsp; &nbsp; &nbsp; &nbsp; &nbsp; &nbsp; <span style=\"color: #800000;\"><em>*1<sup>\u00e8re<\/sup> profession pr\u00e9vue le 6 novembre 2021<\/em><\/span><\/p>\n<h2 style=\"text-align: center;\"><span style=\"color: #003366;\">Mission du Japon<\/span><\/h2>\n<p style=\"text-align: center;\"><span style=\"color: #800000;\"><strong>2<sup>e<\/sup> ann\u00e9e :&nbsp; &nbsp; &nbsp; &nbsp; Maria Tran Bach Thao Ly<\/strong><\/span><\/p>\n<p>[\/vc_hoverbox][\/vc_column][\/vc_row][vc_row row_space=&#8221;remove_padding_top&#8221;][vc_column][vc_column_text]<\/p>\n<h2 style=\"text-align: center;\"><span style=\"color: #003366;\"><strong>Ch\u00e8res Novices,<\/strong><\/span><\/h2>\n<h2 style=\"text-align: center;\"><span style=\"color: #003366;\"><strong>Bonne f\u00eate patronale&nbsp;!<\/strong><\/span><\/h2>\n<p><span style=\"color: #003366;\">En ce jour, l\u2019\u00c9glise nous pr\u00e9sente Saint Stanislas Kostka comme mod\u00e8le pour la jeunesse et notre Fondatrice Marie Rivier l\u2019a choisi comme Patron de nos noviciats. &#8220;Je suis n\u00e9 pour les choses d&#8217;en haut&#8221;, disait Stanislas ! Je suis de tout c\u0153ur avec vous et vous invite \u00e0 vous \u00e9merveiller par la beaut\u00e9 de sa vie enti\u00e8rement livr\u00e9e \u00e0 Dieu.<\/span><\/p>\n<p><span style=\"color: #003366;\">Que Stanislas vous apprenne \u00e0 rechercher l&#8217;amiti\u00e9 avec J\u00e9sus avant toute chose&nbsp;: \u00e0 lire et \u00e0 m\u00e9diter sa Parole et \u00e0 accueillir dans l&#8217;Eucharistie sa pr\u00e9sence mis\u00e9ricordieuse et puissante. Qu\u2019il vous apprenne \u00e0 ne pas avoir peur de risquer les r\u00eaves du vrai bonheur, dont J\u00e9sus-Christ est la source et la garantie. &#8220;J\u00e9sus est le Seigneur du risque, le Seigneur qui nous invite \u00e0 toujours aller de l\u2019avant&#8221;.<\/span><\/p>\n<p><span style=\"color: #003366;\">Que le temps du noviciat soit pour chacune de vous une v\u00e9ritable exp\u00e9rience de la rencontre avec J\u00e9sus-Christ. Un temps o\u00f9, accompagn\u00e9es par vos formatrices et la communaut\u00e9 de formation, vous puissiez <em>apprendre dans J\u00e9sus-Christ \u00e0 marcher en la pr\u00e9sence de Dieu et \u00e0 vous nourrir du pain de la volont\u00e9 divine.<\/em><\/span><\/p>\n<p><span style=\"color: #003366;\">Que Marie, notre M\u00e8re et Gardienne, vous obtienne l&#8217;amour ardent dont Elle a enflamm\u00e9 le c\u0153ur de Saint Stanislas Kostka. Fervente f\u00eate patronale \u00e0 chacune&nbsp;!<\/span><\/p>\n<p style=\"text-align: center;\"><span style=\"color: #003366;\">Votre M\u00e8re en Marie Rivier,<\/span><\/p>\n<p style=\"text-align: center;\"><span style=\"color: #003366;\">M\u00e9re maria dos Anjos Alves, pm<\/span><\/p>\n<p style=\"text-align: center;\"><span style=\"color: #003366;\">Sup\u00e9rieure g\u00e9n\u00e9rale<\/span><\/p>\n<p><span style=\"color: #003366;\">13 novembre 2021<\/span>[\/vc_column_text][\/vc_column][\/vc_row][vc_row row_space=&#8221;remove_padding_top&#8221;][vc_column][vc_custom_heading text=&#8221;Bonne f\u00eate \u00e0 nos novices 2020&#8243; font_container=&#8221;tag:h2|font_size:36|text_align:center|color:%23995600&#8243; google_fonts=&#8221;font_family:Roboto%3A100%2C100italic%2C300%2C300italic%2Cregular%2Citalic%2C500%2C500italic%2C700%2C700italic%2C900%2C900italic|font_style:400%20regular%3A400%3Anormal&#8221;][vc_hoverbox image=&#8221;16674&#8243; primary_title=&#8221;&#8221; hover_title=&#8221;Les novices de 2020&#8243; hover_title_font_container=&#8221;font_size:30|color:%23a84800&#8243; hover_title_google_fonts=&#8221;font_family:Courgette%3Aregular|font_style:400%20regular%3A400%3Anormal&#8221; shape=&#8221;square&#8221; hover_background_color=&#8221;chino&#8221; css_animation=&#8221;fadeInRight&#8221; use_custom_fonts_hover_title=&#8221;true&#8221;]<\/p>\n<p style=\"text-align: center;\"><span style=\"color: #800000;\"><strong>CAMEROUN<\/strong><\/span><\/p>\n<p style=\"text-align: center;\"><u><\/u><span style=\"color: #993300;\"><strong>2<sup>e<\/sup>&nbsp; ann\u00e9e : <\/strong>Clarance Gakou, Diane Penka Dadjeu, Robertine Tchogho<\/span><\/p>\n<p style=\"text-align: center;\">&nbsp;<\/p>\n<p style=\"text-align: center;\"><span style=\"color: #800000;\"><strong>MOZAMBIQUE <\/strong><\/span><\/p>\n<p style=\"text-align: center;\"><span style=\"color: #993300;\"><strong>1<sup>\u00e8re<\/sup> ann\u00e9e&nbsp;<\/strong><\/span><span style=\"color: #993300;\"><strong><u> : <\/u><\/strong><\/span><span style=\"color: #993300;\">Mariana Oliveira Muhuculo, <\/span><span style=\"color: #993300;\">Serafina Flor\u00eancio Bonga<\/span><\/p>\n<p style=\"text-align: center;\">&nbsp;<\/p>\n<p style=\"text-align: center;\"><span style=\"color: #800000;\"><strong>S\u00c9N\u00c9GAL-BURKINA FASO<\/strong><\/span><\/p>\n<p style=\"text-align: center;\"><strong><span style=\"color: #993300;\">1<sup>\u00e8re<\/sup> ann\u00e9e : <\/span><\/strong><span style=\"color: #993300;\">Jacqueline Diouf, Marthe Sylva, Nicole T. Compaor\u00e9<\/span><\/p>\n<p style=\"text-align: center;\"><span style=\"color: #993300;\"><strong>2<sup>e<\/sup> ann\u00e9e : <\/strong>Nad\u00e8ge Sondo, Brigitte Awa Badji, Dominga J. S. Mendes, Denise Veronique X.Diouf,&nbsp; Sarah Badiette<\/span><\/p>\n<p style=\"text-align: center;\">&nbsp;<\/p>\n<p style=\"text-align: center;\"><span style=\"color: #800000;\"><strong>JAPON<\/strong><\/span><\/p>\n<p style=\"text-align: center;\"><span style=\"color: #993300;\"><strong>2<sup>e<\/sup> ann\u00e9e : <\/strong><\/span><span style=\"color: #993300;\"><strong>&nbsp;<\/strong>Maria Tran Bach Thao Ly<\/span><\/p>\n<p>[\/vc_hoverbox][\/vc_column][\/vc_row]<\/p>\n<\/div>","protected":false},"excerpt":{"rendered":"<p>[vc_row][vc_column][vc_custom_heading text=&#8221;La pierre de fondation, personne ne peut en poser d\u2019autre que celle qui s\u2019y trouve : J\u00e9sus Christ &#8211; 1 Corinthiens 3:11 -&#8221; font_container=&#8221;tag:h3|font_size:32|text_align:center|color:%2368a81a&#8221; google_fonts=&#8221;font_family:Almendra%3Aregular%2Citalic%2C700%2C700italic|font_style:400%20regular%3A400%3Anormal&#8221;][vc_custom_heading text=&#8221;Marie Rivier pr\u00e9sente le noviciat comme une \u00e9cole de foi et une \u00e9cole de bonheur. La novice y apprend dans J\u00e9sus Christ \u00e0 marcher en pr\u00e9sence de Dieu et [&hellip;]<\/p>\n","protected":false},"author":2,"featured_media":0,"parent":4089,"menu_order":1,"comment_status":"closed","ping_status":"closed","template":"","meta":{"ngg_post_thumbnail":0,"footnotes":""},"lang":"fr","translations":{"fr":8798,"en":8597,"es":8799},"pll_sync_post":[],"_links":{"self":[{"href":"https:\/\/soeurs-de-la-presentation-de-marie.org\/pom\/wp-json\/wp\/v2\/pages\/8798"}],"collection":[{"href":"https:\/\/soeurs-de-la-presentation-de-marie.org\/pom\/wp-json\/wp\/v2\/pages"}],"about":[{"href":"https:\/\/soeurs-de-la-presentation-de-marie.org\/pom\/wp-json\/wp\/v2\/types\/page"}],"author":[{"embeddable":true,"href":"https:\/\/soeurs-de-la-presentation-de-marie.org\/pom\/wp-json\/wp\/v2\/users\/2"}],"replies":[{"embeddable":true,"href":"https:\/\/soeurs-de-la-presentation-de-marie.org\/pom\/wp-json\/wp\/v2\/comments?post=8798"}],"version-history":[{"count":9,"href":"https:\/\/soeurs-de-la-presentation-de-marie.org\/pom\/wp-json\/wp\/v2\/pages\/8798\/revisions"}],"predecessor-version":[{"id":24534,"href":"https:\/\/soeurs-de-la-presentation-de-marie.org\/pom\/wp-json\/wp\/v2\/pages\/8798\/revisions\/24534"}],"up":[{"embeddable":true,"href":"https:\/\/soeurs-de-la-presentation-de-marie.org\/pom\/wp-json\/wp\/v2\/pages\/4089"}],"wp:attachment":[{"href":"https:\/\/soeurs-de-la-presentation-de-marie.org\/pom\/wp-json\/wp\/v2\/media?parent=8798"}],"curies":[{"name":"wp","href":"https:\/\/api.w.org\/{rel}","templated":true}]}}