{"id":9011,"date":"2019-08-03T21:05:23","date_gmt":"2019-08-03T19:05:23","guid":{"rendered":"http:\/\/soeurs-de-la-presentation-de-marie.org\/pom\/?page_id=9011"},"modified":"2023-01-27T20:44:36","modified_gmt":"2023-01-27T19:44:36","slug":"superiora-geral","status":"publish","type":"page","link":"https:\/\/soeurs-de-la-presentation-de-marie.org\/pom\/superiora-geral\/","title":{"rendered":"Superiora geral"},"content":{"rendered":"<div class=\"wpb-content-wrapper\"><p>[vc_row row_space=&#8221;remove_padding_bottom&#8221;][vc_column][vc_custom_heading text=&#8221;A Superiora geral \u00e9 o la\u00e7o vis\u00edvel das partes t\u00e3o diversas do Instituto, o sinal da reuni\u00e3o dos seus membros numa \u00fanica grande familia, a de Maria Rivier.&#8221; font_container=&#8221;tag:h2|font_size:50|text_align:center|color:%230066bf&#8221; google_fonts=&#8221;font_family:Italianno%3Aregular|font_style:400%20regular%3A400%3Anormal&#8221;][vc_separator color=&#8221;sky&#8221; style=&#8221;double&#8221; el_width=&#8221;90&#8243; css_animation=&#8221;fadeInDown&#8221;][\/vc_column][\/vc_row][vc_row row_space=&#8221;remove_padding_bottom&#8221;][vc_column width=&#8221;1\/2&#8243;][vc_column_text]&nbsp;<\/p>\n<p>&nbsp;<\/p>\n<p><img loading=\"lazy\" decoding=\"async\" class=\"aligncenter wp-image-4889 size-full\" src=\"https:\/\/soeurs-de-la-presentation-de-marie.org\/pom\/wp-content\/uploads\/2015\/12\/M.MdA-Christmas.jpeg\" alt=\"\" width=\"945\" height=\"843\">[\/vc_column_text][vc_empty_space][\/vc_column][vc_column width=&#8221;1\/2&#8243;][vc_empty_space height=&#8221;28px&#8221;][vc_custom_heading text=&#8221;Madre Maria dos Anjos Alves, pm&#8221; font_container=&#8221;tag:h2|font_size:43|text_align:center|color:%230066bf&#8221; google_fonts=&#8221;font_family:Alex%20Brush%3Aregular|font_style:400%20regular%3A400%3Anormal&#8221;][vc_custom_heading text=&#8221;Ela nasceu em 1950, em Portugal. Fez a sua Profiss\u00e3o religiosa a 29 de setembro 1970, em F\u00e1tima. Ap\u00f3s os seus estudos em ci\u00eancias religiosas, ensinou \u201ceduca\u00e7\u00e3o moral e religiosa cat\u00f3lica\u201d durante 20 anos em duas escolas p\u00fablicas. Em 1984 \u00e9 nomeada conselheira provincial, em 1995 Assistente provincial e em 2000 Superiora provincial da Prov\u00edncia de Portugal. Durante o Cap\u00edtulo de 2011, foi eleita como membro do conselho geral por seis anos e no Cap\u00edtulo de 2017 eleita como superiora geral.<\/p>\n<p>Gosta da leitura e do sil\u00eancio. Uma Palavra de Deus forte para ela \u00e9: \u201cSe algu\u00e9m Me ama, guardar\u00e1 a Minha Palavra; Meu Pai am\u00e1-lo-\u00e1 e viremos a ele e faremos nele morada.\u201d Jo. 14, 23&#8243; font_container=&#8221;tag:h2|font_size:23|text_align:justify|color:%231e73be|line_height:1.5&#8243; google_fonts=&#8221;font_family:Almendra%3Aregular%2Citalic%2C700%2C700italic|font_style:400%20regular%3A400%3Anormal&#8221;][\/vc_column][\/vc_row][vc_row row_space=&#8221;remove_padding_bottom&#8221; custom_background=&#8221;bg-theme&#8221;][vc_column][vc_custom_heading text=&#8221;Mensagens&#8221; font_container=&#8221;tag:h1|font_size:80|text_align:center|color:%230066bf&#8221; google_fonts=&#8221;font_family:Italianno%3Aregular|font_style:400%20regular%3A400%3Anormal&#8221;][vc_empty_space height=&#8221;40px&#8221;][\/vc_column][\/vc_row][vc_row row_space=&#8221;remove_padding_bottom&#8221;][vc_column][\/vc_column][\/vc_row][vc_row row_space=&#8221;remove_padding_bottom&#8221;][vc_column width=&#8221;1\/6&#8243;][\/vc_column][vc_column width=&#8221;2\/3&#8243;][vc_column_text]<img loading=\"lazy\" decoding=\"async\" class=\"aligncenter wp-image-29514 size-large\" src=\"https:\/\/soeurs-de-la-presentation-de-marie.org\/pom\/wp-content\/uploads\/2023\/01\/feastday-Port-1024x512.jpg\" alt=\"\" width=\"900\" height=\"450\">[\/vc_column_text][\/vc_column][vc_column width=&#8221;1\/6&#8243;][\/vc_column][\/vc_row][vc_row row_space=&#8221;remove_padding_bottom&#8221;][vc_column width=&#8221;1\/2&#8243;][vc_column_text]<img loading=\"lazy\" decoding=\"async\" class=\"aligncenter wp-image-29510 size-large\" src=\"https:\/\/soeurs-de-la-presentation-de-marie.org\/pom\/wp-content\/uploads\/2023\/01\/feast_pic-1024x847.jpg\" alt=\"\" width=\"900\" height=\"744\">[\/vc_column_text][\/vc_column][vc_column width=&#8221;1\/2&#8243;][vc_empty_space height=&#8221;100px&#8221;][vc_custom_heading text=&#8221;Enquanto meditamos com admira\u00e7\u00e3o<br \/>\no Mist\u00e9rio da Apresenta\u00e7\u00e3o de Jesus no Templo,<br \/>\nunimo-nos com Santa Maria Rivier para celebrar<br \/>\ncelebrar esta festa que a &#8220; sufocava&#8220;!&#8221; font_container=&#8221;tag:h2|font_size:30|text_align:center|color:%23278900|line_height:1.2&#8243; google_fonts=&#8221;font_family:Balthazar%3Aregular|font_style:400%20regular%3A400%3Anormal&#8221;][\/vc_column][\/vc_row][vc_row row_space=&#8221;remove_padding_bottom&#8221;][vc_column width=&#8221;1\/6&#8243;][\/vc_column][vc_column width=&#8221;2\/3&#8243;][vc_custom_heading text=&#8221;Que possamos seguir o seu exemplo e tornar-nos pessoas de<br \/>\nDESEJO &#8211; como Sime\u00e3o, esperando a revela\u00e7\u00e3o da<br \/>\npresen\u00e7a de Cristo a cada momento;&#8221; font_container=&#8221;tag:h2|font_size:26|text_align:left|color:%23278900|line_height:1.1&#8243; google_fonts=&#8221;font_family:Balthazar%3Aregular|font_style:400%20regular%3A400%3Anormal&#8221;][vc_custom_heading text=&#8221;DE OFERENDA\u2013 como o Menino Jesus, dando-nos<br \/>\ninteiramente ao servi\u00e7o do Reino de Deus;&#8221; font_container=&#8221;tag:h2|font_size:26|text_align:left|color:%23278900|line_height:1.1&#8243; google_fonts=&#8221;font_family:Balthazar%3Aregular|font_style:400%20regular%3A400%3Anormal&#8221;][vc_custom_heading text=&#8221;F\u00c9 \u2013 como Maria e Jos\u00e9, confiando em Deus no meio do<br \/>\nmist\u00e9rio da sua viagem,&#8221; font_container=&#8221;tag:h2|font_size:26|text_align:left|color:%23278900|line_height:1.1&#8243; google_fonts=&#8221;font_family:Balthazar%3Aregular|font_style:400%20regular%3A400%3Anormal&#8221;][vc_custom_heading text=&#8221;PROFECIA &#8211; como Ana, proclamando sempre a Boa Nova e em qualquer lugar!&#8221; font_container=&#8221;tag:h2|font_size:26|text_align:left|color:%23278900|line_height:1.1&#8243; google_fonts=&#8221;font_family:Balthazar%3Aregular|font_style:400%20regular%3A400%3Anormal&#8221;][vc_empty_space height=&#8221;20px&#8221;][vc_custom_heading text=&#8221;\u00c9 assim que avan\u00e7aremos na companhia da<br \/>\nMulher Ap\u00f3stolo, Santa Marie Rivier, hoje e sempre.<br \/>\nTornemo-nos Santos, Ap\u00f3stolos, verdadeiros Disc\u00edpulos de Jesus Cristo!&#8221; font_container=&#8221;tag:h2|font_size:26|text_align:center|color:%23278900|line_height:1.1&#8243; google_fonts=&#8221;font_family:Balthazar%3Aregular|font_style:400%20regular%3A400%3Anormal&#8221;][\/vc_column][vc_column width=&#8221;1\/6&#8243;][\/vc_column][\/vc_row][vc_row row_space=&#8221;remove_padding_top&#8221;][vc_column width=&#8221;1\/6&#8243;][\/vc_column][vc_column width=&#8221;2\/3&#8243;][vc_custom_heading text=&#8221;Madre Maria dos Anjos Alves, pm<br \/>\nFesta 2023&#8243; font_container=&#8221;tag:h2|font_size:32|text_align:center|color:%23278900&#8243; google_fonts=&#8221;font_family:Alex%20Brush%3Aregular|font_style:400%20regular%3A400%3Anormal&#8221;][vc_separator color=&#8221;green&#8221; style=&#8221;shadow&#8221; el_width=&#8221;40&#8243;][\/vc_column][vc_column width=&#8221;1\/6&#8243;][\/vc_column][\/vc_row][vc_row row_space=&#8221;remove_padding_top&#8221;][vc_column][vc_custom_heading text=&#8221;Feliz Festa 2022 !&#8221; font_container=&#8221;tag:h2|font_size:50|text_align:center|color:%23007ab7&#8243; google_fonts=&#8221;font_family:Allura%3Aregular|font_style:400%20regular%3A400%3Anormal&#8221;][vc_custom_heading text=&#8221;Apresenta\u00e7\u00e3o de Maria no Templo&#8221; font_container=&#8221;tag:h2|font_size:36|text_align:center|color:%231d84b7&#8243; google_fonts=&#8221;font_family:Andada%3Aregular|font_style:400%20regular%3A400%3Anormal&#8221;][\/vc_column][\/vc_row][vc_row row_space=&#8221;remove_padding_bottom&#8221;][vc_column width=&#8221;1\/2&#8243;][vc_column_text]<img loading=\"lazy\" decoding=\"async\" class=\"alignleft wp-image-28818\" src=\"https:\/\/soeurs-de-la-presentation-de-marie.org\/pom\/wp-content\/uploads\/2022\/11\/PM_Mary.jpg\" alt=\"\" width=\"500\" height=\"842\">[\/vc_column_text][\/vc_column][vc_column width=&#8221;1\/2&#8243;][vc_empty_space height=&#8221;28px&#8221;][vc_custom_heading text=&#8221;Para al\u00e9m do acontecimento que pode servir de apoio a esta festa,<br \/>\nMaria aparece hoje como a Toda-Pura,<br \/>\na \u201ceterna fonte que brota da caridade&#8220;,<br \/>\no &#8220;templo espiritual da santa gl\u00f3ria de Cristo, nosso Deus\u00bb.<\/p>\n<p>(Liturgia bizantina)&#8221; font_container=&#8221;tag:h2|font_size:32|text_align:center|color:%230066bf|line_height:1&#8243; google_fonts=&#8221;font_family:Italianno%3Aregular|font_style:400%20regular%3A400%3Anormal&#8221;][vc_column_text]&nbsp;<\/p>\n<p style=\"text-align: center;\"><span style=\"color: #003366;\"><strong>Queridas irm\u00e3s espalhadas pelo mundo,<\/strong><\/span><\/p>\n<p style=\"text-align: center;\"><span style=\"color: #003366;\"><strong>Queridos membros da fam\u00edlia espiritual,<\/strong><\/span><\/p>\n<p><span style=\"color: #003366;\">Neste dia de FESTA, a nossa alegria resplandece em honra da VIRGEM MARIA que nos \u00e9 dada como M\u00c3E e GUARDI\u00c3.<\/span><\/p>\n<p><span style=\"color: #003366;\">Deixemos os nossos cora\u00e7\u00f5es derramarem-se no seu cora\u00e7\u00e3o materno, confiando-lhe as nossas alegrias, tristezas e as das nossas irm\u00e3s e irm\u00e3os em humanidade.<\/span><\/p>\n<p><span style=\"color: #003366;\">Com MARIA, vivamos no TEMPLO interior para da\u00ed obtermos a for\u00e7a e a gra\u00e7a de Deus que continua a multiplicar as suas maravilhas.<\/span><\/p>\n<p><span style=\"color: #003366;\">Com SANTA MARIA RIVER, cantemos a MARIA a nossa gratid\u00e3o, pois ela vela pela nossa hist\u00f3ria pessoal e comunit\u00e1ria.<\/span><\/p>\n<p>&nbsp;<\/p>\n<p style=\"text-align: center;\"><span style=\"color: #003366;\">Madre Maria dos Anjos Alves, pm<\/span><\/p>\n<p style=\"text-align: center;\"><span style=\"color: #003366;\">As Conselheiras e a Comunidade de Castel<\/span><\/p>\n<p>&nbsp;<\/p>\n<p><span style=\"color: #003366;\">21 novembro 2022<\/span>[\/vc_column_text][\/vc_column][\/vc_row][vc_row row_space=&#8221;remove_padding_bottom&#8221;][vc_column][vc_separator color=&#8221;blue&#8221; style=&#8221;shadow&#8221; el_width=&#8221;20&#8243;][\/vc_column][\/vc_row][vc_row row_space=&#8221;remove_padding_bottom&#8221;][vc_column width=&#8221;1\/6&#8243;][\/vc_column][vc_column width=&#8221;2\/3&#8243;][vc_custom_heading text=&#8221;Feliz festa de MARIA RIVIER 2022&#8243; font_container=&#8221;tag:h2|font_size:38|text_align:center|color:%23e57b02&#8243; google_fonts=&#8221;font_family:Alice%3Aregular|font_style:400%20regular%3A400%3Anormal&#8221;][vc_column_text]<img loading=\"lazy\" decoding=\"async\" class=\"aligncenter wp-image-26590 size-full\" src=\"https:\/\/soeurs-de-la-presentation-de-marie.org\/pom\/wp-content\/uploads\/2022\/02\/PORTUGUESE-2.png\" alt=\"\" width=\"1045\" height=\"1672\">[\/vc_column_text][\/vc_column][vc_column width=&#8221;1\/6&#8243;][\/vc_column][\/vc_row][vc_row row_space=&#8221;remove_padding_bottom&#8221;][vc_column][vc_separator color=&#8221;sandy_brown&#8221; style=&#8221;shadow&#8221; el_width=&#8221;20&#8243;][vc_empty_space height=&#8221;40px&#8221;][vc_column_text]<\/p>\n<h1 style=\"text-align: center;\"><span style=\"color: #993300;\">Feliz P\u00e1scoa 2021!<\/span><\/h1>\n<p><img loading=\"lazy\" decoding=\"async\" class=\"wp-image-20309 size-full alignright\" src=\"https:\/\/soeurs-de-la-presentation-de-marie.org\/pom\/wp-content\/uploads\/2021\/04\/Diz-nos-Maria-1.jpg\" alt=\"\" width=\"800\" height=\"387\">[\/vc_column_text][vc_custom_heading text=&#8221;Queridas Irm\u00e3s e toda a Fam\u00edlia Rivier.<\/p>\n<p>Mais uma vez celebramos a alegria da P\u00e1scoa! O sepulcro vazio de Cristo, torna-se o centro do nosso j\u00fabilo e a raz\u00e3o do nosso viver. Cristo ressuscitado \u00e9 o Cristo crucificado que triunfou sobre o poder da morte e concedeu a vida em abund\u00e2ncia a toda a pessoa humana do mundo inteiro e de todos os tempos.<br \/>\nEnquanto o nosso mundo continua mergulhado no flagelo da pandemia, que dia a dia vemos multiplicarem-se os t\u00famulos das v\u00edtimas, a F\u00c9 faz-nos voltar o olhar do nosso cora\u00e7\u00e3o para contemplar a VIDA que surge do sepulcro vazio de Cristo. Sim com Maria Madalena alegres no Senhor, podemos testemunhar ao nosso mundo: Ressuscitou Cristo Jesus, nossa esperan\u00e7a! Aleluia!<\/p>\n<p>A cada irm\u00e3 e a toda a Fam\u00edlia Rivier, desejo uma Santa P\u00e1scoa!&#8221; font_container=&#8221;tag:h2|font_size:27|text_align:justify|color:%23ad5e03&#8243; google_fonts=&#8221;font_family:Aubrey%3Aregular|font_style:400%20regular%3A400%3Anormal&#8221;][vc_custom_heading text=&#8221;Madre Maria dos Anjos Alves, pm<br \/>\nCom as minhas conselheiras<br \/>\ne a Comunidade de Castel&#8221; font_container=&#8221;tag:h2|font_size:27|text_align:left|color:%23ad6303&#8243; google_fonts=&#8221;font_family:Aubrey%3Aregular|font_style:400%20regular%3A400%3Anormal&#8221;][vc_empty_space height=&#8221;130px&#8221;][vc_separator color=&#8221;sandy_brown&#8221; style=&#8221;shadow&#8221; el_width=&#8221;20&#8243;][\/vc_column][\/vc_row][vc_row row_space=&#8221;remove_padding_bottom&#8221;][vc_column][\/vc_column][\/vc_row][vc_row row_space=&#8221;remove_padding_bottom&#8221;][vc_column width=&#8221;1\/2&#8243;][vc_column_text]<img loading=\"lazy\" decoding=\"async\" class=\"alignleft wp-image-18642 size-full\" src=\"https:\/\/soeurs-de-la-presentation-de-marie.org\/pom\/wp-content\/uploads\/2021\/02\/MR_red.jpg\" alt=\"\" width=\"1166\" height=\"771\">[\/vc_column_text][\/vc_column][vc_column width=&#8221;1\/2&#8243;][vc_empty_space height=&#8221;90px&#8221;][vc_custom_heading text=&#8221;MARIA RIVIER,<br \/>\nUMA MULHER PARA O NOSSO TEMPO!&#8221; font_container=&#8221;tag:h2|font_size:32|text_align:center|color:%23e85c00&#8243; google_fonts=&#8221;font_family:Amarante%3Aregular|font_style:400%20regular%3A400%3Anormal&#8221;][\/vc_column][\/vc_row][vc_row row_space=&#8221;remove_padding_top&#8221;][vc_column][vc_empty_space height=&#8221;45px&#8221;][vc_custom_heading text=&#8221;Queridas Irm\u00e3s<br \/>\ne membros da Fam\u00edlia espiritual de Maria Rivier,&#8221; font_container=&#8221;tag:h2|font_size:28|text_align:center|color:%23e86006&#8243; google_fonts=&#8221;font_family:Amarante%3Aregular|font_style:400%20regular%3A400%3Anormal&#8221;][vc_empty_space][vc_custom_heading text=&#8221;Feliz Festa de Maria Rivier!&#8221; font_container=&#8221;tag:h2|font_size:44|text_align:center|color:%23e85c00&#8243; google_fonts=&#8221;font_family:Alex%20Brush%3Aregular|font_style:400%20regular%3A400%3Anormal&#8221;][vc_column_text]<\/p>\n<p style=\"text-align: center;\"><span style=\"color: #993300;\"><strong><em>Juntos<\/em><\/strong> celebremos,<\/span><\/p>\n<p style=\"text-align: center;\"><span style=\"color: #993300;\">na a\u00e7\u00e3o de gra\u00e7as e no louvor,<\/span><\/p>\n<p style=\"text-align: center;\"><span style=\"color: #993300;\"><strong><em>ESTA MULHER<\/em><\/strong> de cora\u00e7\u00e3o de fogo,<\/span><\/p>\n<p style=\"text-align: center;\"><span style=\"color: #993300;\"><strong><em>ESTA MULHER<\/em><\/strong> que nos convida a viver, como ela,<\/span><\/p>\n<p style=\"text-align: center;\"><span style=\"color: #993300;\"><em>um amor ardente por Jesus Cristo,<\/em><\/span><\/p>\n<p style=\"text-align: center;\"><span style=\"color: #993300;\"><em>a f\u00e9 no poder da ora\u00e7\u00e3o,<\/em><\/span><\/p>\n<p style=\"text-align: center;\"><span style=\"color: #993300;\"><em>a aud\u00e1cia apost\u00f3lica<\/em><\/span><\/p>\n<p style=\"text-align: center;\"><span style=\"color: #993300;\"><em>e a compaix\u00e3o em toda a ang\u00fastia.<\/em><\/span><\/p>\n<p style=\"text-align: center;\"><span style=\"color: #993300;\"><strong><em>&nbsp;&nbsp;&nbsp;&nbsp; ESTA MULHER <\/em><\/strong><em>que<\/em> nos convida a ser, no seu seguimento,<\/span><\/p>\n<p style=\"text-align: center;\"><span style=\"color: #993300;\">um \u00abEvangelho<em> aberto<\/em>\u00bb<\/span><\/p>\n<p style=\"text-align: center;\"><span style=\"color: #993300;\">no nosso mundo de hoje!<\/span><\/p>\n<p style=\"text-align: center;\">&nbsp;<\/p>\n<p style=\"text-align: center;\"><span style=\"color: #993300;\"><strong><em>Juntos,<\/em><\/strong> continuamos a pedir com f\u00e9<\/span><\/p>\n<p style=\"text-align: center;\"><span style=\"color: #993300;\">&nbsp;pela intercess\u00e3o da Virgem Maria,<\/span><\/p>\n<p style=\"text-align: center;\"><span style=\"color: #993300;\">a gra\u00e7a da sua canoniza\u00e7\u00e3o<\/span><\/p>\n<p style=\"text-align: center;\"><span style=\"color: #993300;\">para a maior gl\u00f3ria de Deus.<\/span><\/p>\n<p style=\"text-align: center;\">&nbsp;<\/p>\n<p style=\"text-align: center;\"><span style=\"color: #993300;\"><strong><em>Juntos,<\/em><\/strong> vivamos este dia<\/span><\/p>\n<p style=\"text-align: center;\"><span style=\"color: #993300;\">na <strong><em>ALEGRIA <\/em><\/strong>e na<strong><em> ESPERAN\u00c7A!<\/em><\/strong><\/span><\/p>\n<p>&nbsp;<\/p>\n<p><span style=\"color: #993300;\">Madre Maria dos Anjos Alves, pm<\/span><\/p>\n<p style=\"text-align: left;\"><span style=\"color: #993300;\">&nbsp;Superiora geral<\/span><\/p>\n<p style=\"text-align: left;\"><span style=\"color: #993300;\">&nbsp;os membros do Conselho geral e a comunidade de Castel&nbsp;<\/span> &nbsp; &nbsp; &nbsp; &nbsp; &nbsp; &nbsp; &nbsp; &nbsp; &nbsp; &nbsp; &nbsp; &nbsp; &nbsp; &nbsp; &nbsp; &nbsp; &nbsp; &nbsp; &nbsp; &nbsp; &nbsp; &nbsp; &nbsp; &nbsp; &nbsp; &nbsp; &nbsp; &nbsp; &nbsp; &nbsp; &nbsp; &nbsp; &nbsp; &nbsp; &nbsp; &nbsp;<\/p>\n<p>[\/vc_column_text][vc_separator color=&#8221;sandy_brown&#8221; style=&#8221;shadow&#8221; el_width=&#8221;20&#8243;][\/vc_column][\/vc_row][vc_row row_space=&#8221;remove_padding_bottom&#8221;][vc_column][vc_hoverbox image=&#8221;17269&#8243; primary_title=&#8221;Feliz Festa da Apresenta\u00e7\u00e3o de Maria, neste Ano de A\u00e7\u00e3o de Gra\u00e7as!&#8221; primary_title_font_container=&#8221;font_size:75|color:%23f2f2f2&#8243; primary_title_google_fonts=&#8221;font_family:Italianno%3Aregular|font_style:400%20regular%3A400%3Anormal&#8221; hover_title=&#8221;Mensagem&#8221; hover_title_font_container=&#8221;font_size:75|color:%23fcfcfc&#8221; hover_title_google_fonts=&#8221;font_family:Italianno%3Aregular|font_style:400%20regular%3A400%3Anormal&#8221; shape=&#8221;round&#8221; hover_background_color=&#8221;sky&#8221; use_custom_fonts_primary_title=&#8221;true&#8221; use_custom_fonts_hover_title=&#8221;true&#8221;][\/vc_hoverbox][vc_column_text]<\/p>\n<h3>Muito queridas irm\u00e3s,<\/h3>\n<p>Come\u00e7a para n\u00f3s um tempo novo, um tempo de gratid\u00e3o, que acolhemos com um olhar de amor e de benevol\u00eancia. Desejamos viv\u00ea-lo com dinamismo e criatividade, com sabedoria e abertura de cora\u00e7\u00e3o, transbordante de confian\u00e7a e de compromisso!<\/p>\n<p>Vivamos a beleza da nossa Vida consagrada, o Senhor \u00e9 belo e bom!<\/p>\n<ul>\n<li>Louvemos o nosso Deus, Tr\u00eas vezes Santo, rico de ternura e de miseric\u00f3rdia!<\/li>\n<li>Digamos a Jesus e \u00e0 Virgem Maria quanto amamos a nossa Fundadora, Maria Rivier!<\/li>\n<li>Preparemos com amor, confian\u00e7a e criatividade o 225\u00ba Anivers\u00e1rio da nossa Funda\u00e7\u00e3o!<\/li>\n<\/ul>\n<p>Das nossas vidas todas entregues, brota uma can\u00e7\u00e3o de louvor, de gratid\u00e3o e de a\u00e7\u00e3o de gra\u00e7as!&nbsp;Louvemos o nosso Deus pela Virgem Maria, a Igreja, o nosso mundo, Maria Rivier, a nossa Congrega\u00e7\u00e3o, as nossas fam\u00edlias\u2026<\/p>\n<p><img loading=\"lazy\" decoding=\"async\" class=\"alignleft wp-image-17265 \" src=\"https:\/\/soeurs-de-la-presentation-de-marie.org\/pom\/wp-content\/uploads\/2020\/11\/iconos_PJ_Latam_virgen_maria-1.png\" alt=\"\" width=\"463\" height=\"463\">Ousemos olhar as nossas vidas, as nossas realidades do quotidiano, com um olhar positivo, pleno de esperan\u00e7a e de miseric\u00f3rdia. Ent\u00e3o, veremos Deus em a\u00e7\u00e3o, apesar das apar\u00eancias e das ambiguidades da vida.<\/p>\n<p>A a\u00e7\u00e3o de gra\u00e7as, o louvor \u00e9 a nossa can\u00e7\u00e3o de esperan\u00e7a e de beleza! Apesar de tudo o que se passa no nosso mundo, convido-vos a passar este ano no reconhecimento e na b\u00ean\u00e7\u00e3o.&nbsp;<\/p>\n<p>Que ningu\u00e9m termine um dia sem dar gra\u00e7as por algu\u00e9m ou por algum a coisa!<\/p>\n<p><strong>&nbsp;<\/strong><strong>Jesus <\/strong>admirava as aves do c\u00e9u, os l\u00edrios do campo; maravilhava-se com a f\u00e9 das pessoas.<\/p>\n<p>Cultivemos um cora\u00e7\u00e3o puro e aberto, um cora\u00e7\u00e3o simples com um olhar l\u00edmpido e bom.<\/p>\n<p><strong>Maria Rivier <\/strong>diz-nos hoje: &nbsp;<em>Cada momento \u00e9 um tesouro onde Deus colocou uma infinidade de riquezas e de del\u00edcias eternas.&nbsp; <\/em>Sejamos pessoas de a\u00e7\u00e3o de gra\u00e7as, tornemo-nos pessoas de louvor.<em>&nbsp; <\/em><\/p>\n<p>Que este <strong>Ano de A\u00e7\u00e3o de Gra\u00e7as<\/strong> produza frutos de alegria, de miseric\u00f3rdia e de paz para a maior gl\u00f3ria de Deus e o bem de todos! Demos gra\u00e7as ao Senhor!<\/p>\n<p>Vivamos este ano com a <strong>Virgem Maria<\/strong>; ela <em>\u00e9 para n\u00f3s um lugar de ora\u00e7\u00e3o, orienta-nos para Deus, atrai sobre n\u00f3s o Esp\u00edrito\u2026 <\/em>C76<em>. \u00c9 o modelo da nossa consagra\u00e7\u00e3o. Somos as filhas de Maria, chamadas a viver como ela em estado de adora\u00e7\u00e3o e de oferenda diante de Deus <\/em>C11.<\/p>\n<p>&nbsp;<\/p>\n<p style=\"text-align: center;\">Madre Maria dos Anjos Alves&nbsp;<\/p>\n<p style=\"text-align: center;\">Superiora geral &nbsp;e Conselheiras gerais<\/p>\n<p>&nbsp;<\/p>\n<p>Castel Gandolfo, 21 de novembro de 2020<\/p>\n<p>&nbsp;<\/p>\n<p>&nbsp;[\/vc_column_text][vc_separator color=&#8221;sky&#8221; style=&#8221;shadow&#8221; el_width=&#8221;70&#8243;][\/vc_column][\/vc_row][vc_row row_space=&#8221;remove_padding_bottom&#8221;][vc_column][\/vc_column][\/vc_row][vc_row row_space=&#8221;remove_padding_bottom&#8221;][vc_column][\/vc_column][\/vc_row][vc_row row_space=&#8221;remove_padding_top&#8221;][vc_column][vc_column_text]<a href=\"https:\/\/soeurs-de-la-presentation-de-marie.org\/pom\/wp-content\/uploads\/2020\/05\/Mensagem-final-Sess\u00e3o-de-Forma\u00e7\u00e3o-2019-PORTUGAIS-.pdf\">Mensagem final, Sess\u00e3o de Forma\u00e7\u00e3o 2019 PORTUGAIS<\/a><\/p>\n<p><a href=\"https:\/\/soeurs-de-la-presentation-de-marie.org\/pom\/wp-content\/uploads\/2020\/03\/No\u00ebl-2019-voeux-A4-Port.pdf\">No\u00ebl 2019, voeux, A4 Port<\/a>[\/vc_column_text][\/vc_column][\/vc_row]<\/p>\n<\/div>","protected":false},"excerpt":{"rendered":"<p>[vc_row row_space=&#8221;remove_padding_bottom&#8221;][vc_column][vc_custom_heading text=&#8221;A Superiora geral \u00e9 o la\u00e7o vis\u00edvel das partes t\u00e3o diversas do Instituto, o sinal da reuni\u00e3o dos seus membros numa \u00fanica grande familia, a de Maria Rivier.&#8221; font_container=&#8221;tag:h2|font_size:50|text_align:center|color:%230066bf&#8221; google_fonts=&#8221;font_family:Italianno%3Aregular|font_style:400%20regular%3A400%3Anormal&#8221;][vc_separator color=&#8221;sky&#8221; style=&#8221;double&#8221; el_width=&#8221;90&#8243; css_animation=&#8221;fadeInDown&#8221;][\/vc_column][\/vc_row][vc_row row_space=&#8221;remove_padding_bottom&#8221;][vc_column width=&#8221;1\/2&#8243;][vc_column_text]&nbsp; &nbsp; [\/vc_column_text][vc_empty_space][\/vc_column][vc_column width=&#8221;1\/2&#8243;][vc_empty_space height=&#8221;28px&#8221;][vc_custom_heading text=&#8221;Madre Maria dos Anjos Alves, pm&#8221; font_container=&#8221;tag:h2|font_size:43|text_align:center|color:%230066bf&#8221; google_fonts=&#8221;font_family:Alex%20Brush%3Aregular|font_style:400%20regular%3A400%3Anormal&#8221;][vc_custom_heading text=&#8221;Ela nasceu em 1950, em [&hellip;]<\/p>\n","protected":false},"author":6,"featured_media":0,"parent":0,"menu_order":0,"comment_status":"closed","ping_status":"closed","template":"","meta":{"ngg_post_thumbnail":0,"footnotes":""},"lang":"pt","translations":{"pt":9011},"pll_sync_post":[],"_links":{"self":[{"href":"https:\/\/soeurs-de-la-presentation-de-marie.org\/pom\/wp-json\/wp\/v2\/pages\/9011"}],"collection":[{"href":"https:\/\/soeurs-de-la-presentation-de-marie.org\/pom\/wp-json\/wp\/v2\/pages"}],"about":[{"href":"https:\/\/soeurs-de-la-presentation-de-marie.org\/pom\/wp-json\/wp\/v2\/types\/page"}],"author":[{"embeddable":true,"href":"https:\/\/soeurs-de-la-presentation-de-marie.org\/pom\/wp-json\/wp\/v2\/users\/6"}],"replies":[{"embeddable":true,"href":"https:\/\/soeurs-de-la-presentation-de-marie.org\/pom\/wp-json\/wp\/v2\/comments?post=9011"}],"version-history":[{"count":36,"href":"https:\/\/soeurs-de-la-presentation-de-marie.org\/pom\/wp-json\/wp\/v2\/pages\/9011\/revisions"}],"predecessor-version":[{"id":29518,"href":"https:\/\/soeurs-de-la-presentation-de-marie.org\/pom\/wp-json\/wp\/v2\/pages\/9011\/revisions\/29518"}],"wp:attachment":[{"href":"https:\/\/soeurs-de-la-presentation-de-marie.org\/pom\/wp-json\/wp\/v2\/media?parent=9011"}],"curies":[{"name":"wp","href":"https:\/\/api.w.org\/{rel}","templated":true}]}}