{"id":9024,"date":"2019-08-04T08:57:45","date_gmt":"2019-08-04T06:57:45","guid":{"rendered":"http:\/\/soeurs-de-la-presentation-de-marie.org\/pom\/?page_id=9024"},"modified":"2020-06-03T14:36:13","modified_gmt":"2020-06-03T12:36:13","slug":"pastoral-das-vocacoes","status":"publish","type":"page","link":"https:\/\/soeurs-de-la-presentation-de-marie.org\/pom\/pastoral-das-vocacoes\/","title":{"rendered":"PASTORAL DAS VOCA\u00c7\u00d5ES"},"content":{"rendered":"<div class=\"wpb-content-wrapper\"><p>[vc_row][vc_column][vc_custom_heading text=&#8221;Voca\u00e7\u00e3o significa apelo&#8221; font_container=&#8221;tag:h2|font_size:42|text_align:center|color:%23006cf9&#8243; google_fonts=&#8221;font_family:Alex%20Brush%3Aregular|font_style:400%20regular%3A400%3Anormal&#8221;][\/vc_column][\/vc_row][vc_row row_space=&#8221;remove_padding_top&#8221;][vc_column][vc_custom_heading text=&#8221;UM CHAMAMENTO&#8221; font_container=&#8221;tag:h2|font_size:30|text_align:left|color:%231d79f2&#8243; google_fonts=&#8221;font_family:Acme%3Aregular|font_style:400%20regular%3A400%3Anormal&#8221;][vc_row_inner][vc_column_inner][\/vc_column_inner][\/vc_row_inner][vc_row_inner][vc_column_inner width=&#8221;1\/2&#8243;][vc_column_text]<img loading=\"lazy\" decoding=\"async\" class=\"alignnone size-medium wp-image-10055\" src=\"https:\/\/soeurs-de-la-presentation-de-marie.org\/pom\/wp-content\/uploads\/2015\/12\/slider_lake_youth-750x510.jpg\" alt=\"\" width=\"750\" height=\"510\">[\/vc_column_text][\/vc_column_inner][vc_column_inner width=&#8221;1\/2&#8243;][vc_custom_heading text=&#8221;Chamar \u00e9 um gesto humano ordin\u00e1rio. Chamar algu\u00e9m pelo seu nome torna especial este gesto humano ordin\u00e1rio. Todos os dias na nossa vida milhares de apelos s\u00e3o feitos, enviados e recebidos. Por vezes, um chamamento pode n\u00e3o ser ouvido por causa do barulho, da falta de aten\u00e7\u00e3o, da escuta selectiva ou simplesmente surdez. Este \u00faltimo ponto n\u00e3o tem import\u00e2ncia, porque ouvir verdadeiramente um chamamento vai para l\u00e1 daquilo para que s\u00e3o feitos os nossos ouvidos. A verdadeira escuta faz-se no cora\u00e7\u00e3o. \u00c9 a capacidade do ouvido interior do cora\u00e7\u00e3o.<\/p>\n<p>A palavra \u201cvoca\u00e7\u00e3o\u201d vem da palavra latina VOCARE que significa chamar algu\u00e9m pelo nome. Na tradi\u00e7\u00e3o crist\u00e3, associamos esta palavra ao sin\u00f3nimo ingl\u00eas VOCATION. \u00c9 preciso compreender que quando algu\u00e9m chama, eu escuto. \u00c9 porque estou \u00e0 espera que algu\u00e9m me chame. O meu ouvido ouve-o. A escuta deste chamamento exige sil\u00eancio, um tempo de calma longe do barulho de um mundo desassossegado.&#8221; font_container=&#8221;tag:h2|font_size:20|text_align:justify|color:%233b86f7&#8243; google_fonts=&#8221;font_family:Alike%20Angular%3Aregular|font_style:400%20regular%3A400%3Anormal&#8221;][\/vc_column_inner][\/vc_row_inner][vc_custom_heading text=&#8221;Podeis perguntar: Quem chama? Que voz posso eu escutar com o ouvido interior do meu cora\u00e7\u00e3o? Quem \u00e9 capaz de me falar no cora\u00e7\u00e3o?<\/p>\n<p>S\u00f3 Deus pode! Quando Ele chama, \u00e9 sempre com uma voz suave, como o murm\u00fario de uma brisa ligeira. (1 Rs 19, 11-12). O chamamento \u00e9 agrad\u00e1vel, exigente e contudo misericordioso. Quando Deus chama, convida-nos a responder.<\/p>\n<p>Deus utiliza os acontecimentos da nossa vida para nos chamar. Ele pode servir-se de uma pessoa ou de uma situa\u00e7\u00e3o que pode ser ou n\u00e3o favor\u00e1vel. Pode escrever direito por linhas tortas. Pode falar-nos no cora\u00e7\u00e3o ou atrav\u00e9s das diferentes vozes e pessoas do mundo que nos rodeia.<\/p>\n<p>Para escutar, abra o ouvido do cora\u00e7\u00e3o\u2026&#8221; font_container=&#8221;tag:h2|font_size:20|text_align:justify|color:%23338df4&#8243; google_fonts=&#8221;font_family:Alike%20Angular%3Aregular|font_style:400%20regular%3A400%3Anormal&#8221;][\/vc_column][\/vc_row][vc_row][vc_column][\/vc_column][\/vc_row]<\/p>\n<\/div>","protected":false},"excerpt":{"rendered":"<p>[vc_row][vc_column][vc_custom_heading text=&#8221;Voca\u00e7\u00e3o significa apelo&#8221; font_container=&#8221;tag:h2|font_size:42|text_align:center|color:%23006cf9&#8243; google_fonts=&#8221;font_family:Alex%20Brush%3Aregular|font_style:400%20regular%3A400%3Anormal&#8221;][\/vc_column][\/vc_row][vc_row row_space=&#8221;remove_padding_top&#8221;][vc_column][vc_custom_heading text=&#8221;UM CHAMAMENTO&#8221; font_container=&#8221;tag:h2|font_size:30|text_align:left|color:%231d79f2&#8243; google_fonts=&#8221;font_family:Acme%3Aregular|font_style:400%20regular%3A400%3Anormal&#8221;][vc_row_inner][vc_column_inner][\/vc_column_inner][\/vc_row_inner][vc_row_inner][vc_column_inner width=&#8221;1\/2&#8243;][vc_column_text][\/vc_column_text][\/vc_column_inner][vc_column_inner width=&#8221;1\/2&#8243;][vc_custom_heading text=&#8221;Chamar \u00e9 um gesto humano ordin\u00e1rio. Chamar algu\u00e9m pelo seu nome torna especial este gesto humano ordin\u00e1rio. Todos os dias na nossa vida milhares de apelos s\u00e3o feitos, enviados e recebidos. Por vezes, um chamamento pode n\u00e3o ser ouvido por causa do [&hellip;]<\/p>\n","protected":false},"author":6,"featured_media":0,"parent":0,"menu_order":0,"comment_status":"closed","ping_status":"closed","template":"","meta":{"ngg_post_thumbnail":0,"footnotes":""},"lang":"pt","translations":{"pt":9024},"pll_sync_post":[],"_links":{"self":[{"href":"https:\/\/soeurs-de-la-presentation-de-marie.org\/pom\/wp-json\/wp\/v2\/pages\/9024"}],"collection":[{"href":"https:\/\/soeurs-de-la-presentation-de-marie.org\/pom\/wp-json\/wp\/v2\/pages"}],"about":[{"href":"https:\/\/soeurs-de-la-presentation-de-marie.org\/pom\/wp-json\/wp\/v2\/types\/page"}],"author":[{"embeddable":true,"href":"https:\/\/soeurs-de-la-presentation-de-marie.org\/pom\/wp-json\/wp\/v2\/users\/6"}],"replies":[{"embeddable":true,"href":"https:\/\/soeurs-de-la-presentation-de-marie.org\/pom\/wp-json\/wp\/v2\/comments?post=9024"}],"version-history":[{"count":4,"href":"https:\/\/soeurs-de-la-presentation-de-marie.org\/pom\/wp-json\/wp\/v2\/pages\/9024\/revisions"}],"predecessor-version":[{"id":14070,"href":"https:\/\/soeurs-de-la-presentation-de-marie.org\/pom\/wp-json\/wp\/v2\/pages\/9024\/revisions\/14070"}],"wp:attachment":[{"href":"https:\/\/soeurs-de-la-presentation-de-marie.org\/pom\/wp-json\/wp\/v2\/media?parent=9024"}],"curies":[{"name":"wp","href":"https:\/\/api.w.org\/{rel}","templated":true}]}}