{"id":9030,"date":"2019-08-04T15:04:06","date_gmt":"2019-08-04T13:04:06","guid":{"rendered":"http:\/\/soeurs-de-la-presentation-de-marie.org\/pom\/?page_id=9030"},"modified":"2021-11-11T23:00:31","modified_gmt":"2021-11-11T22:00:31","slug":"noviciado","status":"publish","type":"page","link":"https:\/\/soeurs-de-la-presentation-de-marie.org\/pom\/noviciado\/","title":{"rendered":"Noviciado"},"content":{"rendered":"<div class=\"wpb-content-wrapper\"><p>[vc_row][vc_column][vc_custom_heading text=&#8221;Ningu\u00e9m pode p\u00f4rum alicerce diferente do que j\u00e1 foi posto: Jesus Cristo.<br \/>\n1 Cor\u00edntios 3:11&#8243; font_container=&#8221;tag:h4|font_size:38|text_align:center|color:%23549900&#8243; google_fonts=&#8221;font_family:Almendra%3Aregular%2Citalic%2C700%2C700italic|font_style:400%20regular%3A400%3Anormal&#8221;][vc_custom_heading text=&#8221;Maria Rivier apresenta o noviciado como uma escola de f\u00e9 e<br \/>\numa escola de felicidade.<br \/>\n&nbsp;Aqui, a novi\u00e7a aprende em Jesus Cristo<br \/>\n&nbsp;a caminhar na presen\u00e7a de Deus<br \/>\n&nbsp;e a alimentar-se do p\u00e3o da divina vontade.&#8221; font_container=&#8221;tag:h4|font_size:38|text_align:center|color:%2357b500&#8243; google_fonts=&#8221;font_family:Allura%3Aregular|font_style:400%20regular%3A400%3Anormal&#8221;][vc_custom_heading text=&#8221;A novi\u00e7a consagra-se inteiramente a Deus. Entra numa nova vida&#8230;<br \/>\nPara estar com Ele,<br \/>\npara O conhecer,<br \/>\npara se ligar fortemente a Ele,<br \/>\npara se revestir do seu esp\u00edrito,<br \/>\npara entrar pelo caminho das bem-aventuran\u00e7as,<br \/>\npara deixar crescer nela um desejo ardente de trabalhar<br \/>\npor faz\u00ea-Lo conhecer e amar.&#8221; font_container=&#8221;tag:h5|font_size:22|text_align:center|color:%233aa00b&#8221; google_fonts=&#8221;font_family:Alice%3Aregular|font_style:400%20regular%3A400%3Anormal&#8221;][\/vc_column][\/vc_row][vc_row row_space=&#8221;remove_padding_top&#8221;][vc_column][vc_custom_heading text=&#8221;No noviciado, a vida est\u00e1 organizada com o fim de crescer mais profundamente no sentido da sua humanidade e do seu ser de filho muito amado de Deus.<br \/>\nNo sil\u00eancio e na solid\u00e3o, uma novi\u00e7a escuta no mais profundo do seu cora\u00e7\u00e3o, a voz do Senhor que a atrai para Ele e quer despos\u00e1-la para sempre, no amor e na fidelidade.&#8221; font_container=&#8221;tag:h2|font_size:33|text_align:justify|color:%23369b00&#8243; google_fonts=&#8221;font_family:Allura%3Aregular|font_style:400%20regular%3A400%3Anormal&#8221;][\/vc_column][\/vc_row][vc_row][vc_column][vc_custom_heading text=&#8221;FELIZ ANIVERS\u00c1RIO S\u00c3O ESTANISLAU KOSTKA<br \/>\nPATRONO DOS NOVICIADOS&#8221; font_container=&#8221;tag:h2|font_size:46|text_align:center|color:%23a84800&#8243; google_fonts=&#8221;font_family:Rosario%3Aregular%2Citalic%2C700%2C700italic|font_style:400%20regular%3A400%3Anormal&#8221;][vc_empty_space][vc_custom_heading text=&#8221;Parab\u00e9ns \u00e0s nossas novi\u00e7as !&#8221; font_container=&#8221;tag:h2|font_size:75|text_align:center|color:%23a84800&#8243; google_fonts=&#8221;font_family:Rouge%20Script%3Aregular|font_style:400%20regular%3A400%3Anormal&#8221;][\/vc_column][\/vc_row][vc_row][vc_column][vc_hoverbox image=&#8221;24515&#8243; primary_title=&#8221;&#8221; primary_title_font_container=&#8221;font_size:48|color:%23a3530e&#8221; primary_title_google_fonts=&#8221;font_family:Bilbo%3Aregular|font_style:400%20regular%3A400%3Anormal&#8221; hover_title=&#8221;NOVI\u00c7AS 2021&#8243; hover_title_font_container=&#8221;font_size:50|color:%23d88c41&#8243; hover_title_google_fonts=&#8221;font_family:Bilbo%3Aregular|font_style:400%20regular%3A400%3Anormal&#8221; hover_background_color=&#8221;custom&#8221; use_custom_fonts_primary_title=&#8221;true&#8221; use_custom_fonts_hover_title=&#8221;true&#8221; hover_custom_background=&#8221;rgba(147,181,54,0.65)&#8221;]<\/p>\n<h2 style=\"text-align: center;\"><span style=\"color: #003366;\">Prov\u00edncia dos Estados Unidos<\/span><\/h2>\n<p style=\"text-align: center;\"><span style=\"color: #800000;\"><strong>Primeiro ano:&nbsp; &nbsp; &nbsp; &nbsp;Mary Monk<\/strong><\/span><\/p>\n<h2 style=\"text-align: center;\"><span style=\"color: #003366;\">Prov\u00edncia de Mo\u00e7ambique<\/span><\/h2>\n<p style=\"text-align: center;\"><span style=\"color: #800000;\"><strong>Segundo ano:&nbsp; &nbsp; &nbsp; &nbsp;Mariana Oliveira Muhuculo&nbsp; &nbsp; &nbsp;&nbsp; &nbsp; Serafina Flor\u00eancio<\/strong><\/span><\/p>\n<p style=\"text-align: center;\"><span style=\"color: #800000;\"><strong> Bonga<\/strong><\/span><\/p>\n<h2 style=\"text-align: center;\"><span style=\"color: #003366;\">Prov\u00edncia de S\u00e9n\u00e9gal<\/span><\/h2>\n<p style=\"text-align: center;\"><span style=\"color: #800000;\"><strong>Primeiro ano:&nbsp; &nbsp; &nbsp; &nbsp; &nbsp; &nbsp; <\/strong><strong>Anne Rita Ndiaye&nbsp; &nbsp; &nbsp; &nbsp; &nbsp; &nbsp;S\u00e8nad\u00e9 Modestine Dossou&nbsp; &nbsp; &nbsp; &nbsp;Adeline Nikiema&nbsp; &nbsp; &nbsp; &nbsp; Th\u00e9r\u00e8se Correa&nbsp; &nbsp; &nbsp; &nbsp; &nbsp; &nbsp; &nbsp; &nbsp; &nbsp; &nbsp; &nbsp; &nbsp; &nbsp; &nbsp; &nbsp; &nbsp; &nbsp; &nbsp; &nbsp; &nbsp; &nbsp; &nbsp; &nbsp; &nbsp; &nbsp; &nbsp; &nbsp; &nbsp; &nbsp; &nbsp; &nbsp;Ang\u00e8le Adr\u00e9e Bandiaky&nbsp;&nbsp;&nbsp;&nbsp;&nbsp;<\/strong><\/span><\/p>\n<p><span style=\"color: #800000;\"><strong>Segundo ano:&nbsp; &nbsp; &nbsp; &nbsp;Jacqueline Diouf&nbsp; &nbsp; &nbsp; &nbsp; <\/strong><\/span><span style=\"color: #800000;\"><strong>&nbsp;Marthe Sylva&nbsp;<\/strong> <\/span>&nbsp; <span style=\"color: #800000;\"><strong>&nbsp;Nicole T. Compaor\u00e9 <\/strong><\/span>&nbsp;&nbsp;<\/p>\n<h2 style=\"text-align: center;\">&nbsp; &nbsp; &nbsp; <span style=\"color: #003366;\">Mission du Cameroun&nbsp;<\/span><\/h2>\n<p><span style=\"color: #800000;\"><strong>Segundo ano:&nbsp; &nbsp; Clarence Gakou&nbsp; &nbsp; &nbsp; &nbsp;Diane Dadjeu Penka&nbsp; &nbsp; &nbsp; &nbsp; &nbsp;Robertine Tchogho&nbsp;<\/strong><\/span><\/p>\n<p><span style=\"color: #800000;\"><em>1\u00aa profiss\u00e3o agendada para 6 de Novembro de 2021<\/em><\/span><\/p>\n<h2 style=\"text-align: center;\"><span style=\"color: #003366;\">Mission du Japon<\/span><\/h2>\n<p style=\"text-align: center;\"><span style=\"color: #800000;\"><strong>Maria Tran Bach Thao Ly<\/strong><\/span><\/p>\n<p>&nbsp;[\/vc_hoverbox][vc_column_text]<\/p>\n<h2 style=\"text-align: center;\"><span style=\"color: #003366;\"><strong>Queridas Novi\u00e7as,<\/strong><\/span><\/h2>\n<h2 style=\"text-align: center;\"><span style=\"color: #003366;\"><strong>Boas festas do vosso Santo Padroeiro!<\/strong><\/span><\/h2>\n<p><span style=\"color: #003366;\">Neste dia, a Igreja nos apresenta Santo Estanislau Kostka como modelo da juventude e a nossa Fundadora Maria Rivier o escolheu como Padroeiro dos nossos noviciados. \u00abNasci para as coisas do alto\u00bb, dizia Estanislau! Estou de todo o cora\u00e7\u00e3o convosco e convido-vos a maravilharem-se com a beleza da sua vida, inteiramente entregue a Deus.<\/span><\/p>\n<p><span style=\"color: #003366;\">Que Estanislau, vos ensine a procurar a amizade com Jesus acima de tudo; a ler e a meditar a sua Palavra e acolher na Eucaristia a sua presen\u00e7a misericordiosa e poderosa. Que ele vos ensine a n\u00e3o ter medo de arriscar os sonhos de felicidade verdadeira, cuja fonte e garantia \u00e9 Jesus Cristo. \u00abJesus \u00e9 o Senhor do risco, o Senhor do sempre\u00bb Mais al\u00e9m!<\/span><\/p>\n<p><span style=\"color: #003366;\">Que o tempo do noviciado, seja para cada uma de v\u00f3s uma verdadeira experi\u00eancia do encontro com Jesus Cristo. Um tempo onde acompanhadas pelas vossas Mestras e Comunidade de forma\u00e7\u00e3o, possais <em>aprender de Jesus Cristo a caminhar na presen\u00e7a de Deus e a alimentar-vos do p\u00e3o da divina Vontade.<\/em><\/span><\/p>\n<p><span style=\"color: #003366;\">Que Maria nossa M\u00e3e e guardi\u00e3 vos obtenha o amor ardente com que Ela inflamou o cora\u00e7\u00e3o de Santo Estanislau Kostka. Boas Festas!<\/span><\/p>\n<p style=\"text-align: center;\"><span style=\"color: #003366;\">Vossa M\u00e3e em Maria Rivier<\/span><\/p>\n<p style=\"text-align: center;\"><span style=\"color: #003366;\"><span style=\"color: #003366;\">Madre Maria dos Anjos Alves<\/span><\/span><\/p>\n<p style=\"text-align: center;\"><span style=\"color: #003366;\">&nbsp; &nbsp; &nbsp; &nbsp; &nbsp; &nbsp; &nbsp; &nbsp; &nbsp;Superiora Geral<\/span><\/p>\n<p>13 de Novembro[\/vc_column_text][\/vc_column][\/vc_row][vc_row][vc_column][\/vc_column][\/vc_row][vc_row][vc_column][vc_custom_heading text=&#8221;Parab\u00e9ns \u00e0s nossas novi\u00e7as !&#8221; font_container=&#8221;tag:h2|font_size:75|text_align:center|color:%23a84800&#8243; google_fonts=&#8221;font_family:Rouge%20Script%3Aregular|font_style:400%20regular%3A400%3Anormal&#8221;][vc_hoverbox image=&#8221;16675&#8243; primary_title=&#8221;&#8221; hover_title=&#8221;Nossas novi\u00e7as 2020&#8243; shape=&#8221;square&#8221; css_animation=&#8221;fadeInRight&#8221;]<\/p>\n<p style=\"text-align: center;\"><span style=\"color: #800000;\"><strong>CAMAR\u00d5ES<\/strong><\/span><\/p>\n<p style=\"text-align: center;\"><strong>&nbsp; &nbsp;<span style=\"color: #993300;\"> 2<sup>\u00ba<\/sup>&nbsp; ano :&nbsp; <\/span><\/strong><span style=\"color: #993300;\">Clarance Gakou, Diane Penka Dadjeu, Robertine Tchogho<\/span><\/p>\n<p style=\"text-align: center;\">&nbsp;<\/p>\n<p style=\"text-align: center;\"><strong>&nbsp;&nbsp;&nbsp;&nbsp;&nbsp;&nbsp;<span style=\"color: #800000;\">&nbsp;&nbsp; <\/span><\/strong><span style=\"color: #800000;\"><strong>&nbsp;<\/strong><strong>MO\u00c7AMBIQUE<\/strong><\/span><\/p>\n<p style=\"text-align: center;\"><strong>&nbsp; &nbsp; <span style=\"color: #993300;\">&nbsp;1<sup>\u00ba<\/sup>ano :&nbsp; <\/span><\/strong><span style=\"color: #993300;\">Mariana Oliveira Muhuculo, Serafina Flor\u00eancio Bonga<\/span><\/p>\n<p style=\"text-align: center;\">&nbsp;<\/p>\n<p style=\"text-align: center;\"><span style=\"color: #800000;\"><strong>SENEGAL- BURKINA FASO<\/strong><\/span><\/p>\n<p style=\"text-align: center;\"><strong>&nbsp; &nbsp;<span style=\"color: #993300;\"> 1<sup>\u00ba<\/sup> ano :&nbsp; J<\/span><\/strong><span style=\"color: #993300;\">acqueline Diouf, Marthe Sylva, Nicole T. Compaor\u00e9<\/span><\/p>\n<p style=\"text-align: center;\"><span style=\"color: #993300;\"><strong>&nbsp;<\/strong><strong>&nbsp; &nbsp; 2<sup>\u00ba<\/sup> ano : <\/strong>Nad\u00e8ge Sondo, Brigitte Awa Badji, Dominga J. S. Mendes, Denise V\u00e9ronique X.Diouf, Sarah Badiette<\/span><\/p>\n<p style=\"text-align: center;\">&nbsp;<\/p>\n<p style=\"text-align: center;\"><span style=\"color: #800000;\"><strong>JAP\u00c2O<\/strong><\/span><\/p>\n<p style=\"text-align: center;\"><strong>&nbsp; &nbsp; &nbsp;<span style=\"color: #993300;\">2\u00ba ano :&nbsp; <\/span><\/strong><span style=\"color: #993300;\">&nbsp; &nbsp; &nbsp; &nbsp; &nbsp; &nbsp; &nbsp; &nbsp; Maria Tran Bach Thao Ly<\/span><\/p>\n<p style=\"text-align: center;\">&nbsp;<\/p>\n<p>[\/vc_hoverbox][\/vc_column][\/vc_row][vc_row][vc_column][\/vc_column][\/vc_row][vc_row][vc_column][\/vc_column][\/vc_row]<\/p>\n<\/div>","protected":false},"excerpt":{"rendered":"<p>[vc_row][vc_column][vc_custom_heading text=&#8221;Ningu\u00e9m pode p\u00f4rum alicerce diferente do que j\u00e1 foi posto: Jesus Cristo. 1 Cor\u00edntios 3:11&#8243; font_container=&#8221;tag:h4|font_size:38|text_align:center|color:%23549900&#8243; google_fonts=&#8221;font_family:Almendra%3Aregular%2Citalic%2C700%2C700italic|font_style:400%20regular%3A400%3Anormal&#8221;][vc_custom_heading text=&#8221;Maria Rivier apresenta o noviciado como uma escola de f\u00e9 e uma escola de felicidade. &nbsp;Aqui, a novi\u00e7a aprende em Jesus Cristo &nbsp;a caminhar na presen\u00e7a de Deus &nbsp;e a alimentar-se do p\u00e3o da divina vontade.&#8221; font_container=&#8221;tag:h4|font_size:38|text_align:center|color:%2357b500&#8243; [&hellip;]<\/p>\n","protected":false},"author":6,"featured_media":0,"parent":0,"menu_order":0,"comment_status":"closed","ping_status":"closed","template":"","meta":{"ngg_post_thumbnail":0,"footnotes":""},"lang":"pt","translations":{"pt":9030},"pll_sync_post":[],"_links":{"self":[{"href":"https:\/\/soeurs-de-la-presentation-de-marie.org\/pom\/wp-json\/wp\/v2\/pages\/9030"}],"collection":[{"href":"https:\/\/soeurs-de-la-presentation-de-marie.org\/pom\/wp-json\/wp\/v2\/pages"}],"about":[{"href":"https:\/\/soeurs-de-la-presentation-de-marie.org\/pom\/wp-json\/wp\/v2\/types\/page"}],"author":[{"embeddable":true,"href":"https:\/\/soeurs-de-la-presentation-de-marie.org\/pom\/wp-json\/wp\/v2\/users\/6"}],"replies":[{"embeddable":true,"href":"https:\/\/soeurs-de-la-presentation-de-marie.org\/pom\/wp-json\/wp\/v2\/comments?post=9030"}],"version-history":[{"count":8,"href":"https:\/\/soeurs-de-la-presentation-de-marie.org\/pom\/wp-json\/wp\/v2\/pages\/9030\/revisions"}],"predecessor-version":[{"id":24536,"href":"https:\/\/soeurs-de-la-presentation-de-marie.org\/pom\/wp-json\/wp\/v2\/pages\/9030\/revisions\/24536"}],"wp:attachment":[{"href":"https:\/\/soeurs-de-la-presentation-de-marie.org\/pom\/wp-json\/wp\/v2\/media?parent=9030"}],"curies":[{"name":"wp","href":"https:\/\/api.w.org\/{rel}","templated":true}]}}