{"id":9034,"date":"2019-08-04T15:09:08","date_gmt":"2019-08-04T13:09:08","guid":{"rendered":"http:\/\/soeurs-de-la-presentation-de-marie.org\/pom\/?page_id=9034"},"modified":"2020-04-20T17:38:54","modified_gmt":"2020-04-20T15:38:54","slug":"votos-temporarios","status":"publish","type":"page","link":"https:\/\/soeurs-de-la-presentation-de-marie.org\/pom\/votos-temporarios\/","title":{"rendered":"Votos tempor\u00e1rios"},"content":{"rendered":"<div class=\"wpb-content-wrapper\"><p>[vc_row][vc_column][vc_custom_heading text=&#8221;&#8220; Ide! Fazei disc\u00edpulos&#8230;<br \/>\nE sabei que Eu estarei sempre convosco at\u00e9 ao fim dos tempos. &#8220;<br \/>\nMateus 28:19-20&#8243; font_container=&#8221;tag:h2|font_size:38|text_align:center|color:%232e9606&#8243; google_fonts=&#8221;font_family:Almendra%3Aregular%2Citalic%2C700%2C700italic|font_style:400%20regular%3A400%3Anormal&#8221;][\/vc_column][\/vc_row][vc_row row_space=&#8221;remove_padding_top&#8221;][vc_column][vc_custom_heading text=&#8221;Uma irm\u00e3 de votos tempor\u00e1rios vive com sinceridade e assume livremente o compromisso de viver na fidelidade as exig\u00eancias dos votos de castidade, de pobreza e de obedi\u00eancia. &nbsp;&nbsp;<\/p>\n<p>Numa tomada de consci\u00eancia sempre mais profunda da ternura misericordiosa de Deus a seu respeito, amadurecer\u00e1 o seu prop\u00f3sito at\u00e9 ao dia da sua profiss\u00e3o perp\u00e9tua. (C 127).<\/p>\n<p>Com a gra\u00e7a de Deus, ela continua a responder ao chamamento de Deus em Jesus Cristo, permitindo-lhe que a transforme e se incarne atrav\u00e9s dos seus valores, das suas atitudes e das suas escolhas que reflectem o pr\u00f3prio Jesus Cristo.<\/p>\n<p>Nesta etapa, a irm\u00e3 est\u00e1 comprometida na sua forma\u00e7\u00e3o humana, espiritual e profissional segundo o seu meio apost\u00f3lico. O que quer que fa\u00e7a e se venha a tornar, est\u00e1 apta para anunciar a Boa Nova que \u00e9 Jesus Cristo!&nbsp;<\/p>\n<p>&#8221; font_container=&#8221;tag:h2|font_size:23|text_align:left|color:%231fa50d&#8221; google_fonts=&#8221;font_family:Alice%3Aregular|font_style:400%20regular%3A400%3Anormal&#8221;][\/vc_column][\/vc_row][vc_row row_space=&#8221;remove_padding_top&#8221;][vc_column][vc_custom_heading text=&#8221;\u201c Sejamos um evangelho aberto onde todos possam ler&nbsp;JESUS-CRISTO.&#8220;<\/p>\n<p>&#8211; Beata Maria Rivier -&#8221; font_container=&#8221;tag:h1|font_size:38|text_align:center|color:%2323930a&#8221; google_fonts=&#8221;font_family:Almendra%3Aregular%2Citalic%2C700%2C700italic|font_style:400%20regular%3A400%3Anormal&#8221;][\/vc_column][\/vc_row][vc_row][vc_column][\/vc_column][\/vc_row]<\/p>\n<\/div>","protected":false},"excerpt":{"rendered":"<p>[vc_row][vc_column][vc_custom_heading text=&#8221;&#8220; Ide! Fazei disc\u00edpulos&#8230; E sabei que Eu estarei sempre convosco at\u00e9 ao fim dos tempos. &#8220; Mateus 28:19-20&#8243; font_container=&#8221;tag:h2|font_size:38|text_align:center|color:%232e9606&#8243; google_fonts=&#8221;font_family:Almendra%3Aregular%2Citalic%2C700%2C700italic|font_style:400%20regular%3A400%3Anormal&#8221;][\/vc_column][\/vc_row][vc_row row_space=&#8221;remove_padding_top&#8221;][vc_column][vc_custom_heading text=&#8221;Uma irm\u00e3 de votos tempor\u00e1rios vive com sinceridade e assume livremente o compromisso de viver na fidelidade as exig\u00eancias dos votos de castidade, de pobreza e de obedi\u00eancia. &nbsp;&nbsp; Numa tomada de [&hellip;]<\/p>\n","protected":false},"author":6,"featured_media":0,"parent":0,"menu_order":0,"comment_status":"closed","ping_status":"closed","template":"","meta":{"ngg_post_thumbnail":0,"footnotes":""},"lang":"pt","translations":{"pt":9034},"pll_sync_post":[],"_links":{"self":[{"href":"https:\/\/soeurs-de-la-presentation-de-marie.org\/pom\/wp-json\/wp\/v2\/pages\/9034"}],"collection":[{"href":"https:\/\/soeurs-de-la-presentation-de-marie.org\/pom\/wp-json\/wp\/v2\/pages"}],"about":[{"href":"https:\/\/soeurs-de-la-presentation-de-marie.org\/pom\/wp-json\/wp\/v2\/types\/page"}],"author":[{"embeddable":true,"href":"https:\/\/soeurs-de-la-presentation-de-marie.org\/pom\/wp-json\/wp\/v2\/users\/6"}],"replies":[{"embeddable":true,"href":"https:\/\/soeurs-de-la-presentation-de-marie.org\/pom\/wp-json\/wp\/v2\/comments?post=9034"}],"version-history":[{"count":4,"href":"https:\/\/soeurs-de-la-presentation-de-marie.org\/pom\/wp-json\/wp\/v2\/pages\/9034\/revisions"}],"predecessor-version":[{"id":9180,"href":"https:\/\/soeurs-de-la-presentation-de-marie.org\/pom\/wp-json\/wp\/v2\/pages\/9034\/revisions\/9180"}],"wp:attachment":[{"href":"https:\/\/soeurs-de-la-presentation-de-marie.org\/pom\/wp-json\/wp\/v2\/media?parent=9034"}],"curies":[{"name":"wp","href":"https:\/\/api.w.org\/{rel}","templated":true}]}}