{"id":9037,"date":"2019-08-04T15:13:18","date_gmt":"2019-08-04T13:13:18","guid":{"rendered":"http:\/\/soeurs-de-la-presentation-de-marie.org\/pom\/?page_id=9037"},"modified":"2020-04-20T17:20:34","modified_gmt":"2020-04-20T15:20:34","slug":"formacao-permanente","status":"publish","type":"page","link":"https:\/\/soeurs-de-la-presentation-de-marie.org\/pom\/formacao-permanente\/","title":{"rendered":"Forma\u00e7\u00e3o permanente"},"content":{"rendered":"<div class=\"wpb-content-wrapper\"><p>[vc_row][vc_column][vc_custom_heading text=&#8221;Seduziste-me, Senhor, e eu me deixei seduzir!<br \/>\n&#8211; Jeremias 20:3 -&#8221; font_container=&#8221;tag:h1|font_size:38|text_align:center|color:%2310ad01&#8243; google_fonts=&#8221;font_family:Almendra%3Aregular%2Citalic%2C700%2C700italic|font_style:400%20regular%3A400%3Anormal&#8221;][\/vc_column][\/vc_row][vc_row row_space=&#8221;remove_padding_top&#8221;][vc_column][vc_custom_heading text=&#8221;Depois de v\u00e1rios anos de actividade apost\u00f3lica, a Congrega\u00e7\u00e3o concede-nos um tempo de afastamento da actividade. Convida-nos a parar para ganhar dist\u00e2ncia em rela\u00e7\u00e3o a vida ordin\u00e1ria e repensar o nosso compromisso diante de Deus.&#8221; font_container=&#8221;tag:h2|font_size:24|text_align:justify|color:%2318a324&#8243; google_fonts=&#8221;font_family:Alike%20Angular%3Aregular|font_style:400%20regular%3A400%3Anormal&#8221;][vc_custom_heading text=&#8221;Numa atmosfera de ora\u00e7\u00e3o intensa, a irm\u00e3 situa-se na luz penetrante do Evangelho;<br \/>\nPara aprofundar a sua intimidade com o Senhor<br \/>\nPara redescobrir o dinamismo da sua consagra\u00e7\u00e3o<br \/>\nPara reavivar a chama do zelo para obra da evangeliza\u00e7\u00e3o\u2026<br \/>\nPara ler com amor a vida e os escritos da Fundadora.&#8221; font_container=&#8221;tag:h2|font_size:23|text_align:left|color:%230fb20c&#8221; google_fonts=&#8221;font_family:Alice%3Aregular|font_style:400%20regular%3A400%3Anormal&#8221;][vc_custom_heading text=&#8221;No entanto, lembremo-nos que para chegar a uma verdadeira sabedoria, nada substitui a aten\u00e7\u00e3o \u00e0 vida, a escuta profunda da Palavra de Deus, a contempla\u00e7\u00e3o do Seu mist\u00e9rio e os meios humildes de todos os dias &#8230;<br \/>\n&#8221; font_container=&#8221;tag:h2|font_size:24|text_align:left|color:%23266b20&#8243; google_fonts=&#8221;font_family:Alice%3Aregular|font_style:400%20regular%3A400%3Anormal&#8221;][\/vc_column][\/vc_row][vc_row row_space=&#8221;remove_padding_top&#8221;][vc_column][vc_custom_heading text=&#8221;&#8220;TUDO PARA DEUS, TUDO PELO SANTO AMOR!&#8220;<br \/>\n&#8211; Beata Maria Rivier -&#8221; font_container=&#8221;tag:h2|font_size:36|text_align:center|color:%23017f2b&#8221; google_fonts=&#8221;font_family:Almendra%3Aregular%2Citalic%2C700%2C700italic|font_style:400%20regular%3A400%3Anormal&#8221;][\/vc_column][\/vc_row]<\/p>\n<\/div>","protected":false},"excerpt":{"rendered":"<p>[vc_row][vc_column][vc_custom_heading text=&#8221;Seduziste-me, Senhor, e eu me deixei seduzir! &#8211; Jeremias 20:3 -&#8221; font_container=&#8221;tag:h1|font_size:38|text_align:center|color:%2310ad01&#8243; google_fonts=&#8221;font_family:Almendra%3Aregular%2Citalic%2C700%2C700italic|font_style:400%20regular%3A400%3Anormal&#8221;][\/vc_column][\/vc_row][vc_row row_space=&#8221;remove_padding_top&#8221;][vc_column][vc_custom_heading text=&#8221;Depois de v\u00e1rios anos de actividade apost\u00f3lica, a Congrega\u00e7\u00e3o concede-nos um tempo de afastamento da actividade. Convida-nos a parar para ganhar dist\u00e2ncia em rela\u00e7\u00e3o a vida ordin\u00e1ria e repensar o nosso compromisso diante de Deus.&#8221; font_container=&#8221;tag:h2|font_size:24|text_align:justify|color:%2318a324&#8243; google_fonts=&#8221;font_family:Alike%20Angular%3Aregular|font_style:400%20regular%3A400%3Anormal&#8221;][vc_custom_heading text=&#8221;Numa atmosfera de [&hellip;]<\/p>\n","protected":false},"author":6,"featured_media":0,"parent":0,"menu_order":0,"comment_status":"closed","ping_status":"closed","template":"","meta":{"ngg_post_thumbnail":0,"footnotes":""},"lang":"pt","translations":{"pt":9037},"pll_sync_post":[],"_links":{"self":[{"href":"https:\/\/soeurs-de-la-presentation-de-marie.org\/pom\/wp-json\/wp\/v2\/pages\/9037"}],"collection":[{"href":"https:\/\/soeurs-de-la-presentation-de-marie.org\/pom\/wp-json\/wp\/v2\/pages"}],"about":[{"href":"https:\/\/soeurs-de-la-presentation-de-marie.org\/pom\/wp-json\/wp\/v2\/types\/page"}],"author":[{"embeddable":true,"href":"https:\/\/soeurs-de-la-presentation-de-marie.org\/pom\/wp-json\/wp\/v2\/users\/6"}],"replies":[{"embeddable":true,"href":"https:\/\/soeurs-de-la-presentation-de-marie.org\/pom\/wp-json\/wp\/v2\/comments?post=9037"}],"version-history":[{"count":4,"href":"https:\/\/soeurs-de-la-presentation-de-marie.org\/pom\/wp-json\/wp\/v2\/pages\/9037\/revisions"}],"predecessor-version":[{"id":13049,"href":"https:\/\/soeurs-de-la-presentation-de-marie.org\/pom\/wp-json\/wp\/v2\/pages\/9037\/revisions\/13049"}],"wp:attachment":[{"href":"https:\/\/soeurs-de-la-presentation-de-marie.org\/pom\/wp-json\/wp\/v2\/media?parent=9037"}],"curies":[{"name":"wp","href":"https:\/\/api.w.org\/{rel}","templated":true}]}}