{"id":9440,"date":"2019-09-04T11:55:26","date_gmt":"2019-09-04T09:55:26","guid":{"rendered":"http:\/\/soeurs-de-la-presentation-de-marie.org\/pom\/?page_id=9440"},"modified":"2021-08-10T21:09:50","modified_gmt":"2021-08-10T19:09:50","slug":"video","status":"publish","type":"page","link":"https:\/\/soeurs-de-la-presentation-de-marie.org\/pom\/video\/","title":{"rendered":"Video"},"content":{"rendered":"<div class=\"wpb-content-wrapper\"><p>[vc_row][vc_column][vc_row_inner][vc_column_inner][vc_custom_heading text=&#8221;YOUTH AND VOCATION MINISTRY INTERNATIONAL MEETING ONLINE<br \/>\n&#8221; font_container=&#8221;tag:h2|font_size:23|text_align:left|color:%230033c1|line_height:1.3&#8243; google_fonts=&#8221;font_family:Andada%3Aregular|font_style:400%20regular%3A400%3Anormal&#8221;][\/vc_column_inner][\/vc_row_inner][vc_row_inner][vc_column_inner width=&#8221;1\/3&#8243;][vc_video link=&#8221;https:\/\/youtu.be\/bIoHWHHNMM4&#8243; el_width=&#8221;80&#8243; align=&#8221;center&#8221;][\/vc_column_inner][vc_column_inner width=&#8221;1\/3&#8243;][vc_video link=&#8221;https:\/\/youtu.be\/5rHlLoGHDEI&#8221; el_width=&#8221;80&#8243; align=&#8221;center&#8221;][\/vc_column_inner][vc_column_inner width=&#8221;1\/3&#8243;][vc_video link=&#8221;https:\/\/youtu.be\/9cCAGFoIN0w&#8221; el_width=&#8221;80&#8243; align=&#8221;center&#8221;][\/vc_column_inner][\/vc_row_inner][vc_row_inner][vc_column_inner width=&#8221;1\/2&#8243;][vc_video link=&#8221;https:\/\/youtu.be\/x-_53enDm_w&#8221;][\/vc_column_inner][vc_column_inner width=&#8221;1\/2&#8243;][vc_video link=&#8221;https:\/\/youtu.be\/XGGtU69_DXM&#8221;][\/vc_column_inner][\/vc_row_inner][vc_row_inner][vc_column_inner width=&#8221;1\/2&#8243;][vc_video link=&#8221;https:\/\/youtu.be\/FEWgKgtH5c4&#8243;][\/vc_column_inner][vc_column_inner width=&#8221;1\/2&#8243;][vc_video link=&#8221;https:\/\/youtu.be\/6QZ0Xocme0Q&#8221;][\/vc_column_inner][\/vc_row_inner][\/vc_column][\/vc_row][vc_row][vc_column][vc_custom_heading text=&#8221;Council of Congregation 2021&#8243; font_container=&#8221;tag:h2|font_size:24|text_align:left|color:%23004cbf&#8221; google_fonts=&#8221;font_family:Andada%3Aregular|font_style:400%20regular%3A400%3Anormal&#8221;][vc_row_inner][vc_column_inner width=&#8221;1\/3&#8243;][vc_video link=&#8221;https:\/\/youtu.be\/HViNgyMgEF8&#8243;][\/vc_column_inner][vc_column_inner width=&#8221;1\/3&#8243;][vc_video link=&#8221;https:\/\/youtu.be\/9Ig7tASvvnY&#8221;][\/vc_column_inner][vc_column_inner width=&#8221;1\/3&#8243;][vc_video link=&#8221;https:\/\/youtu.be\/Lfplq51QsDo&#8221;][\/vc_column_inner][\/vc_row_inner][vc_row_inner][vc_column_inner width=&#8221;1\/3&#8243;][vc_video link=&#8221;https:\/\/youtu.be\/FemgJwDYsr8&#8243;][\/vc_column_inner][vc_column_inner width=&#8221;1\/3&#8243;][vc_video link=&#8221;https:\/\/youtu.be\/BsN29V0QfBU&#8221;][\/vc_column_inner][vc_column_inner width=&#8221;1\/3&#8243;][vc_video link=&#8221;https:\/\/youtu.be\/cQN27sID-Zs&#8221;][\/vc_column_inner][\/vc_row_inner][vc_row_inner][vc_column_inner width=&#8221;1\/3&#8243;][vc_video link=&#8221;https:\/\/youtu.be\/ihy8yoT646w&#8221;][\/vc_column_inner][vc_column_inner width=&#8221;1\/3&#8243;][vc_video link=&#8221;https:\/\/youtu.be\/6UMWW1Cn4Wk&#8221;][\/vc_column_inner][vc_column_inner width=&#8221;1\/3&#8243;][vc_video link=&#8221;https:\/\/youtu.be\/WcCcxwqK_Ns&#8221;][\/vc_column_inner][\/vc_row_inner][\/vc_column][\/vc_row][vc_row][vc_column][vc_custom_heading text=&#8221;The videos of the College Reine-Marie<br \/>\nMontreal, Canada&#8221; font_container=&#8221;tag:h2|font_size:26|text_align:center&#8221; google_fonts=&#8221;font_family:Alice%3Aregular|font_style:400%20regular%3A400%3Anormal&#8221;][vc_row_inner][vc_column_inner width=&#8221;1\/4&#8243;][vc_video link=&#8221;https:\/\/youtu.be\/Um9O0s9P0c4&#8243;][\/vc_column_inner][vc_column_inner width=&#8221;1\/4&#8243;][vc_video link=&#8221;https:\/\/youtu.be\/4veePbp7oXg&#8221;][\/vc_column_inner][vc_column_inner width=&#8221;1\/4&#8243;][vc_video link=&#8221;https:\/\/youtu.be\/46sIS0sUVGc&#8221;][\/vc_column_inner][vc_column_inner width=&#8221;1\/4&#8243;][vc_video link=&#8221;https:\/\/youtu.be\/tX7MSrO3Arg&#8221;][\/vc_column_inner][\/vc_row_inner][\/vc_column][\/vc_row][vc_row][vc_column][vc_row_inner][vc_column_inner][vc_video link=&#8221;https:\/\/youtu.be\/1A724N3T6H0?t=257&#8243; el_width=&#8221;80&#8243; align=&#8221;center&#8221; title=&#8221;MESSAGE &#8211; YEAR OF THANKSGIVING&#8221;][\/vc_column_inner][\/vc_row_inner][vc_row_inner][vc_column_inner][vc_custom_heading text=&#8221;The history of the foundation of the Philippine Province&#8221; font_container=&#8221;tag:h2|font_size:22|text_align:left&#8221; google_fonts=&#8221;font_family:Alike%20Angular%3Aregular|font_style:400%20regular%3A400%3Anormal&#8221;][vc_video link=&#8221;https:\/\/youtu.be\/9pz8MhwShzU&#8221; el_width=&#8221;80&#8243; align=&#8221;center&#8221;][\/vc_column_inner][\/vc_row_inner][vc_row_inner][vc_column_inner][vc_custom_heading text=&#8221;The Beatification of Blessed Marie Rivier&#8221; font_container=&#8221;tag:h2|font_size:28|text_align:left|color:%23000000&#8243; google_fonts=&#8221;font_family:Adamina%3Aregular|font_style:400%20regular%3A400%3Anormal&#8221;][vc_video link=&#8221;https:\/\/youtu.be\/XIYC_WaPI_4&#8243; el_width=&#8221;80&#8243; align=&#8221;center&#8221;][\/vc_column_inner][\/vc_row_inner][vc_column_text]<\/p>\n<h1>Wishes from the Provinces, Regions and Missions for the GOLDEN JUBILEE of Mother Maria dos Anjos Alves, pm<\/h1>\n<p>&nbsp;<\/p>\n<p><iframe loading=\"lazy\" title=\"Part I  V\u0153ux pour le JUBIL\u00c9 D&#039;OR de la M\u00c8RE MARIA DOS ANJOS ALVES\" width=\"900\" height=\"506\" src=\"https:\/\/www.youtube.com\/embed\/YM551zHWIU0?start=3&#038;feature=oembed\" frameborder=\"0\" allow=\"accelerometer; autoplay; clipboard-write; encrypted-media; gyroscope; picture-in-picture\" allowfullscreen><\/iframe><\/p>\n<p><iframe loading=\"lazy\" title=\"Part II  V\u0153ux pour le JUBIL\u00c9 D&#039;OR de la M\u00c8RE MARIA DOS ANJOS ALVES\" width=\"900\" height=\"506\" src=\"https:\/\/www.youtube.com\/embed\/y1dSg2wFqdU?start=2&#038;feature=oembed\" frameborder=\"0\" allow=\"accelerometer; autoplay; clipboard-write; encrypted-media; gyroscope; picture-in-picture\" allowfullscreen><\/iframe><\/p>\n<p><iframe loading=\"lazy\" title=\"Part III V\u0153ux pour le JUBIL\u00c9 D&#039;OR de la M\u00c8RE MARIA DOS ANJOS ALVES\" width=\"900\" height=\"675\" src=\"https:\/\/www.youtube.com\/embed\/acqWnWKCDUs?start=271&#038;feature=oembed\" frameborder=\"0\" allow=\"accelerometer; autoplay; clipboard-write; encrypted-media; gyroscope; picture-in-picture\" allowfullscreen><\/iframe><\/p>\n<p>&nbsp;<\/p>\n<h1>The Eucharistic Celebration of the Golden Jubilee of Mother Maria dos&nbsp; Anjos Alves, pm<\/h1>\n<p><iframe loading=\"lazy\" title=\"Jubil\u00e9 d&#039;or de M\u00e8re Maria dos Anjos - PART 3.1 : la c\u00e9l\u00e9bration eucharistique\" width=\"900\" height=\"506\" src=\"https:\/\/www.youtube.com\/embed\/Keh6hfLvjIU?start=2&#038;feature=oembed\" frameborder=\"0\" allow=\"accelerometer; autoplay; clipboard-write; encrypted-media; gyroscope; picture-in-picture\" allowfullscreen><\/iframe><\/p>\n<p>&nbsp;<\/p>\n<p><iframe loading=\"lazy\" title=\"Jubil\u00e9 d&#039;or de M\u00e8re Maria dos Anjos - PART 3.2 : la c\u00e9l\u00e9bration eucharistique\" width=\"900\" height=\"506\" src=\"https:\/\/www.youtube.com\/embed\/e_s2fdCuM28?start=2&#038;feature=oembed\" frameborder=\"0\" allow=\"accelerometer; autoplay; clipboard-write; encrypted-media; gyroscope; picture-in-picture\" allowfullscreen><\/iframe><\/p>\n<p>&nbsp;<\/p>\n<p><iframe loading=\"lazy\" title=\"Jubil\u00e9 d&#039;or de M\u00e8re Maria dos Anjos - PART 2 : la chapelle\" width=\"900\" height=\"506\" src=\"https:\/\/www.youtube.com\/embed\/4HJF9ovxxY4?start=3&#038;feature=oembed\" frameborder=\"0\" allow=\"accelerometer; autoplay; clipboard-write; encrypted-media; gyroscope; picture-in-picture\" allowfullscreen><\/iframe><\/p>\n<p>&nbsp;<\/p>\n<h1>The Vespers, September2 8, 2020<\/h1>\n<p><iframe loading=\"lazy\" title=\"Jubil\u00e9 d&#039;or de M\u00e8re Maria dos Anjos - PART 1 : la veille\" width=\"900\" height=\"506\" src=\"https:\/\/www.youtube.com\/embed\/ZchlUlWXZnE?start=251&#038;feature=oembed\" frameborder=\"0\" allow=\"accelerometer; autoplay; clipboard-write; encrypted-media; gyroscope; picture-in-picture\" allowfullscreen><\/iframe><\/p>\n<p>&nbsp;<\/p>\n<p>&nbsp;<\/p>\n<h2>Je veux louer Dieu par S. B\u00e9atrice Diadhiou, pm<\/h2>\n<p><iframe loading=\"lazy\" title=\"JE VEUX LOUER DIEU... (Clip Officiel)\" width=\"900\" height=\"506\" src=\"https:\/\/www.youtube.com\/embed\/TAFLWUCue14?feature=oembed\" frameborder=\"0\" allow=\"accelerometer; autoplay; clipboard-write; encrypted-media; gyroscope; picture-in-picture\" allowfullscreen><\/iframe><\/p>\n<p>&nbsp;<\/p>\n<p>&nbsp;<\/p>\n<p>&nbsp;<\/p>\n<p>&nbsp;<\/p>\n<p>&nbsp;[\/vc_column_text][\/vc_column][\/vc_row][vc_row][vc_column][vc_row_inner][vc_column_inner][\/vc_column_inner][\/vc_row_inner][\/vc_column][\/vc_row]<\/p>\n<\/div>","protected":false},"excerpt":{"rendered":"<p>[vc_row][vc_column][vc_row_inner][vc_column_inner][vc_custom_heading text=&#8221;YOUTH AND VOCATION MINISTRY INTERNATIONAL MEETING ONLINE &#8221; font_container=&#8221;tag:h2|font_size:23|text_align:left|color:%230033c1|line_height:1.3&#8243; google_fonts=&#8221;font_family:Andada%3Aregular|font_style:400%20regular%3A400%3Anormal&#8221;][\/vc_column_inner][\/vc_row_inner][vc_row_inner][vc_column_inner width=&#8221;1\/3&#8243;][vc_video link=&#8221;https:\/\/youtu.be\/bIoHWHHNMM4&#8243; el_width=&#8221;80&#8243; align=&#8221;center&#8221;][\/vc_column_inner][vc_column_inner width=&#8221;1\/3&#8243;][vc_video link=&#8221;https:\/\/youtu.be\/5rHlLoGHDEI&#8221; el_width=&#8221;80&#8243; align=&#8221;center&#8221;][\/vc_column_inner][vc_column_inner width=&#8221;1\/3&#8243;][vc_video link=&#8221;https:\/\/youtu.be\/9cCAGFoIN0w&#8221; el_width=&#8221;80&#8243; align=&#8221;center&#8221;][\/vc_column_inner][\/vc_row_inner][vc_row_inner][vc_column_inner width=&#8221;1\/2&#8243;][vc_video link=&#8221;https:\/\/youtu.be\/x-_53enDm_w&#8221;][\/vc_column_inner][vc_column_inner width=&#8221;1\/2&#8243;][vc_video link=&#8221;https:\/\/youtu.be\/XGGtU69_DXM&#8221;][\/vc_column_inner][\/vc_row_inner][vc_row_inner][vc_column_inner width=&#8221;1\/2&#8243;][vc_video link=&#8221;https:\/\/youtu.be\/FEWgKgtH5c4&#8243;][\/vc_column_inner][vc_column_inner width=&#8221;1\/2&#8243;][vc_video link=&#8221;https:\/\/youtu.be\/6QZ0Xocme0Q&#8221;][\/vc_column_inner][\/vc_row_inner][\/vc_column][\/vc_row][vc_row][vc_column][vc_custom_heading text=&#8221;Council of Congregation 2021&#8243; font_container=&#8221;tag:h2|font_size:24|text_align:left|color:%23004cbf&#8221; google_fonts=&#8221;font_family:Andada%3Aregular|font_style:400%20regular%3A400%3Anormal&#8221;][vc_row_inner][vc_column_inner width=&#8221;1\/3&#8243;][vc_video link=&#8221;https:\/\/youtu.be\/HViNgyMgEF8&#8243;][\/vc_column_inner][vc_column_inner width=&#8221;1\/3&#8243;][vc_video link=&#8221;https:\/\/youtu.be\/9Ig7tASvvnY&#8221;][\/vc_column_inner][vc_column_inner width=&#8221;1\/3&#8243;][vc_video link=&#8221;https:\/\/youtu.be\/Lfplq51QsDo&#8221;][\/vc_column_inner][\/vc_row_inner][vc_row_inner][vc_column_inner width=&#8221;1\/3&#8243;][vc_video link=&#8221;https:\/\/youtu.be\/FemgJwDYsr8&#8243;][\/vc_column_inner][vc_column_inner width=&#8221;1\/3&#8243;][vc_video link=&#8221;https:\/\/youtu.be\/BsN29V0QfBU&#8221;][\/vc_column_inner][vc_column_inner width=&#8221;1\/3&#8243;][vc_video link=&#8221;https:\/\/youtu.be\/cQN27sID-Zs&#8221;][\/vc_column_inner][\/vc_row_inner][vc_row_inner][vc_column_inner width=&#8221;1\/3&#8243;][vc_video link=&#8221;https:\/\/youtu.be\/ihy8yoT646w&#8221;][\/vc_column_inner][vc_column_inner width=&#8221;1\/3&#8243;][vc_video link=&#8221;https:\/\/youtu.be\/6UMWW1Cn4Wk&#8221;][\/vc_column_inner][vc_column_inner width=&#8221;1\/3&#8243;][vc_video link=&#8221;https:\/\/youtu.be\/WcCcxwqK_Ns&#8221;][\/vc_column_inner][\/vc_row_inner][\/vc_column][\/vc_row][vc_row][vc_column][vc_custom_heading [&hellip;]<\/p>\n","protected":false},"author":6,"featured_media":0,"parent":0,"menu_order":0,"comment_status":"closed","ping_status":"closed","template":"","meta":{"ngg_post_thumbnail":0,"footnotes":""},"lang":"en","translations":{"en":9440},"pll_sync_post":[],"_links":{"self":[{"href":"https:\/\/soeurs-de-la-presentation-de-marie.org\/pom\/wp-json\/wp\/v2\/pages\/9440"}],"collection":[{"href":"https:\/\/soeurs-de-la-presentation-de-marie.org\/pom\/wp-json\/wp\/v2\/pages"}],"about":[{"href":"https:\/\/soeurs-de-la-presentation-de-marie.org\/pom\/wp-json\/wp\/v2\/types\/page"}],"author":[{"embeddable":true,"href":"https:\/\/soeurs-de-la-presentation-de-marie.org\/pom\/wp-json\/wp\/v2\/users\/6"}],"replies":[{"embeddable":true,"href":"https:\/\/soeurs-de-la-presentation-de-marie.org\/pom\/wp-json\/wp\/v2\/comments?post=9440"}],"version-history":[{"count":18,"href":"https:\/\/soeurs-de-la-presentation-de-marie.org\/pom\/wp-json\/wp\/v2\/pages\/9440\/revisions"}],"predecessor-version":[{"id":23418,"href":"https:\/\/soeurs-de-la-presentation-de-marie.org\/pom\/wp-json\/wp\/v2\/pages\/9440\/revisions\/23418"}],"wp:attachment":[{"href":"https:\/\/soeurs-de-la-presentation-de-marie.org\/pom\/wp-json\/wp\/v2\/media?parent=9440"}],"curies":[{"name":"wp","href":"https:\/\/api.w.org\/{rel}","templated":true}]}}